{"id":2386,"date":"2019-10-07T08:34:34","date_gmt":"2019-10-07T08:34:34","guid":{"rendered":"https:\/\/www.multilines.ro\/lucrari-de-topografie\/ridicari-topografice-pentru-proiectare\/"},"modified":"2020-09-18T13:19:15","modified_gmt":"2020-09-18T13:19:15","slug":"servizi-topografici-per-la-progettazione","status":"publish","type":"page","link":"https:\/\/www.multilines.ro\/it\/servizi-topografici\/servizi-topografici-per-la-progettazione\/","title":{"rendered":"Servizi topografici per la progettazione"},"content":{"rendered":"<div class=\"wpb-content-wrapper\"><p>[vc_row full_width=&#8221;stretch_row&#8221; equal_height=&#8221;yes&#8221; css=&#8221;.vc_custom_1570437295919{margin-bottom: 0px !important;}&#8221;][vc_column]<div class=\"clearboth\"><\/div><style>#thegem-divider-69e8bef3d6496 {margin-top: 30px !important;}<\/style><div id=\"thegem-divider-69e8bef3d6496\" class=\"gem-divider  \" style=\"\" ><\/div>[\/vc_column][vc_column css_animation=&#8221;slideInLeft&#8221; offset=&#8221;vc_col-md-6&#8243;]<div class=\"gem-image gem-wrapbox gem-wrapbox-style-default gem-wrapbox-position-below  thegem-custom-69e8bef3d64d62575\"  style=\"\" ><div class=\"gem-wrapbox-inner \" ><img class=\"gem-wrapbox-element img-responsive\" src=\"https:\/\/www.multilines.ro\/wp-content\/uploads\/2019\/10\/ridicari-topografice-pentru-proiectare.jpg.jpg\" alt=\"\"\/><\/div><style type=\"text\/css\">.thegem-custom-69e8bef3d64d62575.gem-image a:hover img {filter: brightness( 100% ) contrast( 100% ) saturate( 100% ) blur( 0px ) hue-rotate( 0deg );}<\/style><\/div>[\/vc_column][vc_column css_animation=&#8221;slideInRight&#8221; offset=&#8221;vc_col-lg-offset-0 vc_col-md-offset-0 vc_col-md-6 vc_col-sm-offset-0&#8243;][vc_column_text css=&#8221;.vc_custom_1599032812930{margin-top: -12px !important;}&#8221;]<\/p>\n<div class=\"title-h3\" style=\"text-align: left; margin-bottom: 20px;\">servizi topografici per la progettazione<\/div>\n<div style=\"width: 55px; height: 3px; background: #fbc300; text-indent: 9999px;\">1<\/div>\n<p>[\/vc_column_text][vc_column_text css=&#8221;.vc_custom_1599032891648{margin-bottom: 0px !important;}&#8221;]<\/p>\n<p style=\"text-align: justify;\">Le misure del terreno e la loro rappresentazione sul piano sono chiamate <strong>elevazioni topografiche<\/strong>. Il risultato concreto di <strong>un&#8217;elevazione topografica<\/strong> \u00e8 il <strong>piano topografico<\/strong> o la<strong> mappa topografica,<\/strong> che indica i punti sulla superficie terrestre attraverso le tre coordinate x, y, h, cio\u00e8 sia sul piano che nello spazio. Lo<strong> studio topografico<\/strong> o il<strong> rilievo topografico<\/strong>\u00a0presentano la reale situazione sul terreno, misurata nel caso della Romania nel sistema STEREO 70 &#8211; Dealul Piscului. Lo <strong>studio topografico<\/strong> viene effettuato su richiesta delle autorit\u00e0 di notifica o dell&#8217;autorit\u00e0 pubblica locale (municipio) e pu\u00f2 essere menzionato nel <strong>certificato di pianificazione urbana<\/strong> o su richiesta di un investitore, persona fisica o giuridica, istituzione pubblica. Potrebbero essere richiesti<strong> rilievi topografici<\/strong> per: costruzioni civili, costruzioni industriali, infrastrutture stradali\/ferroviarie, reti di costruzione, parchi industriali, piani urbani di zonizzazione &#8211; PUZ, piani urbani dettagliati &#8211; PUD, piani urbani generali &#8211; PUG.<\/p>\n<p>[\/vc_column_text]<div class=\"clearboth\"><\/div><style>#thegem-divider-69e8bef3d66af {margin-top: 30px !important;}<\/style><div id=\"thegem-divider-69e8bef3d66af\" class=\"gem-divider  \" style=\"\" ><\/div>[\/vc_column][\/vc_row][vc_row full_width=&#8221;stretch_row&#8221; css=&#8221;.vc_custom_1570448430454{margin-bottom: 0px !important;background-image: url(http:\/\/www.multilines.ro\/wp-content\/uploads\/2018\/12\/2.jpg?id=879) !important;background-position: center !important;background-repeat: no-repeat !important;background-size: cover !important;}&#8221;][vc_column css=&#8221;.vc_custom_1511274007858{margin-bottom: 0px !important;padding-bottom: 0px !important;}&#8221;][vc_column_text]<\/p>\n<div class=\"title-h2\" style=\"text-align: center; margin-bottom: 20px;\"><span style=\"color: #2c2c2c;\">Contattaci<\/span><\/div>\n<div style=\"width: 55px; height: 3px; background: #fbc300; margin: 0 auto; text-indent: 9999px;\">1<\/div>\n<p>[\/vc_column_text]\n<div class=\"wpcf7 no-js\" id=\"wpcf7-f2665-o1\" lang=\"en-US\" dir=\"ltr\" data-wpcf7-id=\"2665\">\n<div class=\"screen-reader-response\"><p role=\"status\" aria-live=\"polite\" aria-atomic=\"true\"><\/p> <ul><\/ul><\/div>\n<form action=\"\/it\/wp-json\/wp\/v2\/pages\/2386#wpcf7-f2665-o1\" method=\"post\" class=\"wpcf7-form init gem-contact-form-white\" aria-label=\"Contact form\" novalidate=\"novalidate\" data-status=\"init\">\n<fieldset class=\"hidden-fields-container\"><legend class=\"screen-reader-text\">Hidden fields<\/legend><input type=\"hidden\" name=\"_wpcf7\" value=\"2665\" \/><input type=\"hidden\" name=\"_wpcf7_version\" value=\"6.1.5\" \/><input type=\"hidden\" name=\"_wpcf7_locale\" value=\"en_US\" \/><input type=\"hidden\" name=\"_wpcf7_unit_tag\" value=\"wpcf7-f2665-o1\" \/><input type=\"hidden\" name=\"_wpcf7_container_post\" value=\"0\" \/><input type=\"hidden\" name=\"_wpcf7_posted_data_hash\" value=\"\" \/>\n<\/fieldset>\n<div class='contactform-fullwidth'>\n<p class='col-sm-12'><span class=\"wpcf7-form-control-wrap\" data-name=\"nome\"><input size=\"40\" maxlength=\"400\" class=\"wpcf7-form-control wpcf7-text wpcf7-validates-as-required\" aria-required=\"true\" aria-invalid=\"false\" placeholder=\"Nome*\" value=\"\" type=\"text\" name=\"nome\" \/><\/span><\/p>\n<p class='col-sm-12'><span class=\"wpcf7-form-control-wrap\" data-name=\"email\"><input size=\"40\" maxlength=\"400\" class=\"wpcf7-form-control wpcf7-email wpcf7-validates-as-required wpcf7-text wpcf7-validates-as-email\" aria-required=\"true\" aria-invalid=\"false\" placeholder=\"Email*\" value=\"\" type=\"email\" name=\"email\" \/><\/span><\/p>\n<p class='col-sm-12'><span class=\"wpcf7-form-control-wrap\" data-name=\"telefono\"><input size=\"40\" maxlength=\"400\" class=\"wpcf7-form-control wpcf7-text wpcf7-validates-as-required\" aria-required=\"true\" aria-invalid=\"false\" placeholder=\"Telefono*\" value=\"\" type=\"text\" name=\"telefono\" \/><\/span><\/p>\n<p class='col-sm-12'><span class=\"wpcf7-form-control-wrap\" data-name=\"message\"><textarea cols=\"40\" rows=\"10\" maxlength=\"2000\" class=\"wpcf7-form-control wpcf7-textarea wpcf7-validates-as-required\" aria-required=\"true\" aria-invalid=\"false\" placeholder=\"Messaggio*\" name=\"message\"><\/textarea><\/span><\/p>\n\n<p class=\"col-md-12\">Accetto informativa della privacy ai sensi del regolamento (UE) n. 2016\/679. <a href=\"\/it\/informativa-sulla-privacy\/\" target=\"_blank\">Informativa sulla privacy<\/a><span class=\"wpcf7-form-control-wrap\" data-name=\"terms\"><span class=\"wpcf7-form-control wpcf7-checkbox\"><span class=\"wpcf7-list-item first last\"><input type=\"checkbox\" name=\"terms[]\" value=\"\" \/><span class=\"wpcf7-list-item-label\"><\/span><\/span><\/span><\/span><\/p>\n\n<span class=\"wpcf7-form-control-wrap kc_captcha\" data-name=\"kc_captcha\"><span class=\"wpcf7-form-control wpcf7-radio\"><span class=\"captcha-image\" ><span class=\"cf7ic_instructions\">Please prove you are human by selecting the<span> plane<\/span>.<\/span><label><input aria-label=\"1\" type=\"radio\" name=\"kc_captcha\" value=\"bot\" \/><svg aria-hidden=\"true\" role=\"img\" xmlns=\"http:\/\/www.w3.org\/2000\/svg\" viewBox=\"0 0 576 512\"><path fill=\"currentColor\" d=\"M415 24c-53 0-103 42-127 65-24-23-74-65-127-65C70 24 16 77 16 166c0 72 67 133 69 135l187 181c9 8 23 8 32 0l187-180c2-3 69-64 69-136 0-89-54-142-145-142z\"\/><\/svg><\/label><label><input aria-label=\"2\" type=\"radio\" name=\"kc_captcha\" value=\"bot\" \/><svg aria-hidden=\"true\" role=\"img\" xmlns=\"http:\/\/www.w3.org\/2000\/svg\" viewBox=\"0 0 512 512\"><path fill=\"currentColor\" d=\"M512 176a176 176 0 01-209 173l-24 27a24 24 0 01-18 8h-37v40c0 13-11 24-24 24h-40v40c0 13-11 24-24 24H24c-13 0-24-11-24-24v-78c0-6 3-13 7-17l162-162a176 176 0 11343-55zm-176-48a48 48 0 1096 0 48 48 0 00-96 0z\"\/><\/svg><\/label><label><input aria-label=\"3\" type=\"radio\" name=\"kc_captcha\" value=\"kc_human\" \/><svg aria-hidden=\"true\" role=\"img\" xmlns=\"http:\/\/www.w3.org\/2000\/svg\" viewBox=\"0 0 576 512\"><path fill=\"currentColor\" d=\"M472 200H360L256 6a12 12 0 00-10-6h-58c-8 0-14 7-12 15l34 185H100l-35-58a12 12 0 00-10-6H12c-8 0-13 7-12 14l21 106L0 362c-1 7 4 14 12 14h43c4 0 8-2 10-6l35-58h110l-34 185c-2 8 4 15 12 15h58a12 12 0 0010-6l104-194h112c57 0 104-25 104-56s-47-56-104-56z\"\/><\/svg><\/label>\r\n    <\/span>\r\n    <span style=\"display:none\">\r\n        <input type=\"text\" name=\"kc_honeypot\">\r\n    <\/span><\/span><\/span>\n<br>\n<p class='col-sm-12'><style type=\"text\/css\">.thegem-button-69e8bef3d77b4766 .gem-button svg {fill: #fff;}.thegem-button-69e8bef3d77b4766 .gem-button:hover svg {fill: #1f1f1f;}<\/style><div class=\"gem-button-container gem-button-position-center thegem-button-69e8bef3d77b4766\"  ><input class=\"gem-button gem-button-size-small gem-button-style-flat gem-button-text-weight-normal wpcf7-form-control wpcf7-submit has-spinner gem-button-wpcf-custom\" data-ll-effect=\"drop-right-without-wrap\" style=\"border-radius: 3px;background-color: #3c5597;color: #fff;\" onmouseleave=\"this.style.backgroundColor='#3c5597';this.style.color='#fff';\" onmouseenter=\"this.style.backgroundColor='#fbba00';this.style.color='#1f1f1f';\" id=\"\" tabindex=\"\" type=\"submit\" value=\"Invia\" \/><\/div>\n\n\n\n<\/div><div class=\"wpcf7-response-output\" aria-hidden=\"true\"><\/div>\n<\/form>\n<\/div>\n[\/vc_column][\/vc_row]<\/p>\n<\/div>","protected":false},"excerpt":{"rendered":"<p>[vc_row full_width=&#8221;stretch_row&#8221; equal_height=&#8221;yes&#8221; css=&#8221;.vc_custom_1570437295919{margin-bottom: 0px !important;}&#8221;][vc_column][\/vc_column][vc_column css_animation=&#8221;slideInLeft&#8221; offset=&#8221;vc_col-md-6&#8243;][\/vc_column][vc_column css_animation=&#8221;slideInRight&#8221; offset=&#8221;vc_col-lg-offset-0 vc_col-md-offset-0 vc_col-md-6 vc_col-sm-offset-0&#8243;][vc_column_text css=&#8221;.vc_custom_1599032812930{margin-top: -12px !important;}&#8221;] servizi topografici per la&#8230;<\/p>\n","protected":false},"author":1,"featured_media":0,"parent":2380,"menu_order":0,"comment_status":"closed","ping_status":"closed","template":"","meta":{"footnotes":""},"class_list":["post-2386","page","type-page","status-publish"],"yoast_head":"<!-- This site is optimized with the Yoast SEO plugin v27.4 - https:\/\/yoast.com\/product\/yoast-seo-wordpress\/ -->\n<title>Servizi topografici per la progettazione<\/title>\n<meta name=\"description\" content=\"Le misure del terreno e la loro rappresentazione sul piano sono chiamate elevazioni topografiche. Il risultato concreto di un&#039;elevazione topografica \u00e8 il piano topografico o la mappa topografica, che indica i punti sulla superficie terrestre attraverso le tre coordinate x, y, h, cio\u00e8 sia sul piano che nello spazio. Lo studio topografico o il rilievo topografico\u00a0presentano la reale situazione sul terreno, misurata nel caso della Romania nel sistema STEREO 70 - Dealul Piscului. Lo studio topografico viene effettuato su richiesta delle autorit\u00e0 di notifica o dell&#039;autorit\u00e0 pubblica locale (municipio) e pu\u00f2 essere menzionato nel certificato di pianificazione urbana o su richiesta di un investitore, persona fisica o giuridica, istituzione pubblica.\" \/>\n<meta name=\"robots\" content=\"index, follow, max-snippet:-1, max-image-preview:large, max-video-preview:-1\" \/>\n<link rel=\"canonical\" href=\"https:\/\/www.multilines.ro\/it\/servizi-topografici\/servizi-topografici-per-la-progettazione\/\" \/>\n<meta property=\"og:locale\" content=\"it_IT\" \/>\n<meta property=\"og:type\" content=\"article\" \/>\n<meta property=\"og:title\" content=\"Servizi topografici per la progettazione\" \/>\n<meta property=\"og:description\" content=\"Le misure del terreno e la loro rappresentazione sul piano sono chiamate elevazioni topografiche. Il risultato concreto di un&#039;elevazione topografica \u00e8 il piano topografico o la mappa topografica, che indica i punti sulla superficie terrestre attraverso le tre coordinate x, y, h, cio\u00e8 sia sul piano che nello spazio. Lo studio topografico o il rilievo topografico\u00a0presentano la reale situazione sul terreno, misurata nel caso della Romania nel sistema STEREO 70 - Dealul Piscului. Lo studio topografico viene effettuato su richiesta delle autorit\u00e0 di notifica o dell&#039;autorit\u00e0 pubblica locale (municipio) e pu\u00f2 essere menzionato nel certificato di pianificazione urbana o su richiesta di un investitore, persona fisica o giuridica, istituzione pubblica.\" \/>\n<meta property=\"og:url\" content=\"https:\/\/www.multilines.ro\/it\/servizi-topografici\/servizi-topografici-per-la-progettazione\/\" \/>\n<meta property=\"og:site_name\" content=\"Multilines\" \/>\n<meta property=\"article:publisher\" content=\"https:\/\/www.facebook.com\/multilines.ro\/\" \/>\n<meta property=\"article:modified_time\" content=\"2020-09-18T13:19:15+00:00\" \/>\n<meta name=\"twitter:card\" content=\"summary_large_image\" \/>\n<meta name=\"twitter:label1\" content=\"Tempo di lettura stimato\" \/>\n\t<meta name=\"twitter:data1\" content=\"1 minuto\" \/>\n<script type=\"application\/ld+json\" class=\"yoast-schema-graph\">{\"@context\":\"https:\\\/\\\/schema.org\",\"@graph\":[{\"@type\":\"WebPage\",\"@id\":\"https:\\\/\\\/www.multilines.ro\\\/it\\\/servizi-topografici\\\/servizi-topografici-per-la-progettazione\\\/\",\"url\":\"https:\\\/\\\/www.multilines.ro\\\/it\\\/servizi-topografici\\\/servizi-topografici-per-la-progettazione\\\/\",\"name\":\"Servizi topografici per la progettazione\",\"isPartOf\":{\"@id\":\"https:\\\/\\\/www.multilines.ro\\\/#website\"},\"datePublished\":\"2019-10-07T08:34:34+00:00\",\"dateModified\":\"2020-09-18T13:19:15+00:00\",\"description\":\"Le misure del terreno e la loro rappresentazione sul piano sono chiamate elevazioni topografiche. Il risultato concreto di un'elevazione topografica \u00e8 il piano topografico o la mappa topografica, che indica i punti sulla superficie terrestre attraverso le tre coordinate x, y, h, cio\u00e8 sia sul piano che nello spazio. Lo studio topografico o il rilievo topografico\u00a0presentano la reale situazione sul terreno, misurata nel caso della Romania nel sistema STEREO 70 - Dealul Piscului. Lo studio topografico viene effettuato su richiesta delle autorit\u00e0 di notifica o dell'autorit\u00e0 pubblica locale (municipio) e pu\u00f2 essere menzionato nel certificato di pianificazione urbana o su richiesta di un investitore, persona fisica o giuridica, istituzione pubblica.\",\"breadcrumb\":{\"@id\":\"https:\\\/\\\/www.multilines.ro\\\/it\\\/servizi-topografici\\\/servizi-topografici-per-la-progettazione\\\/#breadcrumb\"},\"inLanguage\":\"it-IT\",\"potentialAction\":[{\"@type\":\"ReadAction\",\"target\":[\"https:\\\/\\\/www.multilines.ro\\\/it\\\/servizi-topografici\\\/servizi-topografici-per-la-progettazione\\\/\"]}]},{\"@type\":\"BreadcrumbList\",\"@id\":\"https:\\\/\\\/www.multilines.ro\\\/it\\\/servizi-topografici\\\/servizi-topografici-per-la-progettazione\\\/#breadcrumb\",\"itemListElement\":[{\"@type\":\"ListItem\",\"position\":1,\"name\":\"Home\",\"item\":\"https:\\\/\\\/www.multilines.ro\\\/it\\\/\"},{\"@type\":\"ListItem\",\"position\":2,\"name\":\"Servizi topografici\",\"item\":\"https:\\\/\\\/www.multilines.ro\\\/it\\\/servizi-topografici\\\/\"},{\"@type\":\"ListItem\",\"position\":3,\"name\":\"Servizi topografici per la progettazione\"}]},{\"@type\":\"WebSite\",\"@id\":\"https:\\\/\\\/www.multilines.ro\\\/#website\",\"url\":\"https:\\\/\\\/www.multilines.ro\\\/\",\"name\":\"www.multilines.ro\",\"description\":\"Multilines\",\"publisher\":{\"@id\":\"https:\\\/\\\/www.multilines.ro\\\/#organization\"},\"potentialAction\":[{\"@type\":\"SearchAction\",\"target\":{\"@type\":\"EntryPoint\",\"urlTemplate\":\"https:\\\/\\\/www.multilines.ro\\\/?s={search_term_string}\"},\"query-input\":{\"@type\":\"PropertyValueSpecification\",\"valueRequired\":true,\"valueName\":\"search_term_string\"}}],\"inLanguage\":\"it-IT\"},{\"@type\":\"Organization\",\"@id\":\"https:\\\/\\\/www.multilines.ro\\\/#organization\",\"name\":\"www.multilines.ro\",\"url\":\"https:\\\/\\\/www.multilines.ro\\\/\",\"logo\":{\"@type\":\"ImageObject\",\"inLanguage\":\"it-IT\",\"@id\":\"https:\\\/\\\/www.multilines.ro\\\/#\\\/schema\\\/logo\\\/image\\\/\",\"url\":\"https:\\\/\\\/www.multilines.ro\\\/wp-content\\\/uploads\\\/2019\\\/12\\\/logo-multilines-04.png\",\"contentUrl\":\"https:\\\/\\\/www.multilines.ro\\\/wp-content\\\/uploads\\\/2019\\\/12\\\/logo-multilines-04.png\",\"width\":654,\"height\":499,\"caption\":\"www.multilines.ro\"},\"image\":{\"@id\":\"https:\\\/\\\/www.multilines.ro\\\/#\\\/schema\\\/logo\\\/image\\\/\"},\"sameAs\":[\"https:\\\/\\\/www.facebook.com\\\/multilines.ro\\\/\"]}]}<\/script>\n<!-- \/ Yoast SEO plugin. -->","yoast_head_json":{"title":"Servizi topografici per la progettazione","description":"Le misure del terreno e la loro rappresentazione sul piano sono chiamate elevazioni topografiche. Il risultato concreto di un'elevazione topografica \u00e8 il piano topografico o la mappa topografica, che indica i punti sulla superficie terrestre attraverso le tre coordinate x, y, h, cio\u00e8 sia sul piano che nello spazio. Lo studio topografico o il rilievo topografico\u00a0presentano la reale situazione sul terreno, misurata nel caso della Romania nel sistema STEREO 70 - Dealul Piscului. Lo studio topografico viene effettuato su richiesta delle autorit\u00e0 di notifica o dell'autorit\u00e0 pubblica locale (municipio) e pu\u00f2 essere menzionato nel certificato di pianificazione urbana o su richiesta di un investitore, persona fisica o giuridica, istituzione pubblica.","robots":{"index":"index","follow":"follow","max-snippet":"max-snippet:-1","max-image-preview":"max-image-preview:large","max-video-preview":"max-video-preview:-1"},"canonical":"https:\/\/www.multilines.ro\/it\/servizi-topografici\/servizi-topografici-per-la-progettazione\/","og_locale":"it_IT","og_type":"article","og_title":"Servizi topografici per la progettazione","og_description":"Le misure del terreno e la loro rappresentazione sul piano sono chiamate elevazioni topografiche. Il risultato concreto di un'elevazione topografica \u00e8 il piano topografico o la mappa topografica, che indica i punti sulla superficie terrestre attraverso le tre coordinate x, y, h, cio\u00e8 sia sul piano che nello spazio. Lo studio topografico o il rilievo topografico\u00a0presentano la reale situazione sul terreno, misurata nel caso della Romania nel sistema STEREO 70 - Dealul Piscului. Lo studio topografico viene effettuato su richiesta delle autorit\u00e0 di notifica o dell'autorit\u00e0 pubblica locale (municipio) e pu\u00f2 essere menzionato nel certificato di pianificazione urbana o su richiesta di un investitore, persona fisica o giuridica, istituzione pubblica.","og_url":"https:\/\/www.multilines.ro\/it\/servizi-topografici\/servizi-topografici-per-la-progettazione\/","og_site_name":"Multilines","article_publisher":"https:\/\/www.facebook.com\/multilines.ro\/","article_modified_time":"2020-09-18T13:19:15+00:00","twitter_card":"summary_large_image","twitter_misc":{"Tempo di lettura stimato":"1 minuto"},"schema":{"@context":"https:\/\/schema.org","@graph":[{"@type":"WebPage","@id":"https:\/\/www.multilines.ro\/it\/servizi-topografici\/servizi-topografici-per-la-progettazione\/","url":"https:\/\/www.multilines.ro\/it\/servizi-topografici\/servizi-topografici-per-la-progettazione\/","name":"Servizi topografici per la progettazione","isPartOf":{"@id":"https:\/\/www.multilines.ro\/#website"},"datePublished":"2019-10-07T08:34:34+00:00","dateModified":"2020-09-18T13:19:15+00:00","description":"Le misure del terreno e la loro rappresentazione sul piano sono chiamate elevazioni topografiche. Il risultato concreto di un'elevazione topografica \u00e8 il piano topografico o la mappa topografica, che indica i punti sulla superficie terrestre attraverso le tre coordinate x, y, h, cio\u00e8 sia sul piano che nello spazio. Lo studio topografico o il rilievo topografico\u00a0presentano la reale situazione sul terreno, misurata nel caso della Romania nel sistema STEREO 70 - Dealul Piscului. Lo studio topografico viene effettuato su richiesta delle autorit\u00e0 di notifica o dell'autorit\u00e0 pubblica locale (municipio) e pu\u00f2 essere menzionato nel certificato di pianificazione urbana o su richiesta di un investitore, persona fisica o giuridica, istituzione pubblica.","breadcrumb":{"@id":"https:\/\/www.multilines.ro\/it\/servizi-topografici\/servizi-topografici-per-la-progettazione\/#breadcrumb"},"inLanguage":"it-IT","potentialAction":[{"@type":"ReadAction","target":["https:\/\/www.multilines.ro\/it\/servizi-topografici\/servizi-topografici-per-la-progettazione\/"]}]},{"@type":"BreadcrumbList","@id":"https:\/\/www.multilines.ro\/it\/servizi-topografici\/servizi-topografici-per-la-progettazione\/#breadcrumb","itemListElement":[{"@type":"ListItem","position":1,"name":"Home","item":"https:\/\/www.multilines.ro\/it\/"},{"@type":"ListItem","position":2,"name":"Servizi topografici","item":"https:\/\/www.multilines.ro\/it\/servizi-topografici\/"},{"@type":"ListItem","position":3,"name":"Servizi topografici per la progettazione"}]},{"@type":"WebSite","@id":"https:\/\/www.multilines.ro\/#website","url":"https:\/\/www.multilines.ro\/","name":"www.multilines.ro","description":"Multilines","publisher":{"@id":"https:\/\/www.multilines.ro\/#organization"},"potentialAction":[{"@type":"SearchAction","target":{"@type":"EntryPoint","urlTemplate":"https:\/\/www.multilines.ro\/?s={search_term_string}"},"query-input":{"@type":"PropertyValueSpecification","valueRequired":true,"valueName":"search_term_string"}}],"inLanguage":"it-IT"},{"@type":"Organization","@id":"https:\/\/www.multilines.ro\/#organization","name":"www.multilines.ro","url":"https:\/\/www.multilines.ro\/","logo":{"@type":"ImageObject","inLanguage":"it-IT","@id":"https:\/\/www.multilines.ro\/#\/schema\/logo\/image\/","url":"https:\/\/www.multilines.ro\/wp-content\/uploads\/2019\/12\/logo-multilines-04.png","contentUrl":"https:\/\/www.multilines.ro\/wp-content\/uploads\/2019\/12\/logo-multilines-04.png","width":654,"height":499,"caption":"www.multilines.ro"},"image":{"@id":"https:\/\/www.multilines.ro\/#\/schema\/logo\/image\/"},"sameAs":["https:\/\/www.facebook.com\/multilines.ro\/"]}]}},"_links":{"self":[{"href":"https:\/\/www.multilines.ro\/it\/wp-json\/wp\/v2\/pages\/2386","targetHints":{"allow":["GET"]}}],"collection":[{"href":"https:\/\/www.multilines.ro\/it\/wp-json\/wp\/v2\/pages"}],"about":[{"href":"https:\/\/www.multilines.ro\/it\/wp-json\/wp\/v2\/types\/page"}],"author":[{"embeddable":true,"href":"https:\/\/www.multilines.ro\/it\/wp-json\/wp\/v2\/users\/1"}],"replies":[{"embeddable":true,"href":"https:\/\/www.multilines.ro\/it\/wp-json\/wp\/v2\/comments?post=2386"}],"version-history":[{"count":6,"href":"https:\/\/www.multilines.ro\/it\/wp-json\/wp\/v2\/pages\/2386\/revisions"}],"predecessor-version":[{"id":2989,"href":"https:\/\/www.multilines.ro\/it\/wp-json\/wp\/v2\/pages\/2386\/revisions\/2989"}],"up":[{"embeddable":true,"href":"https:\/\/www.multilines.ro\/it\/wp-json\/wp\/v2\/pages\/2380"}],"wp:attachment":[{"href":"https:\/\/www.multilines.ro\/it\/wp-json\/wp\/v2\/media?parent=2386"}],"curies":[{"name":"wp","href":"https:\/\/api.w.org\/{rel}","templated":true}]}}