{"id":2392,"date":"2019-10-07T09:03:04","date_gmt":"2019-10-07T09:03:04","guid":{"rendered":"https:\/\/www.multilines.ro\/lucrari-de-topografie\/ridicari-topografice-pentru-proiectare\/constructii-civile\/"},"modified":"2020-09-18T13:14:57","modified_gmt":"2020-09-18T13:14:57","slug":"costruzioni-civili","status":"publish","type":"page","link":"https:\/\/www.multilines.ro\/it\/servizi-topografici\/servizi-topografici-per-la-progettazione\/costruzioni-civili\/","title":{"rendered":"Costruzioni civili"},"content":{"rendered":"<div class=\"wpb-content-wrapper\"><p>[vc_row full_width=&#8221;stretch_row&#8221; css=&#8221;.vc_custom_1511177893404{margin-bottom: 0px !important;}&#8221;][vc_column]<div class=\"clearboth\"><\/div><style>#thegem-divider-69e61904cdf32 {margin-top: 30px !important;}<\/style><div id=\"thegem-divider-69e61904cdf32\" class=\"gem-divider  \" style=\"\" ><\/div>[\/vc_column][vc_column css_animation=&#8221;slideInLeft&#8221; offset=&#8221;vc_col-md-6&#8243;]<div class=\"gem-image gem-wrapbox gem-wrapbox-style-default gem-wrapbox-position-below  thegem-custom-69e61904cdf6a9363\"  style=\"\" ><div class=\"gem-wrapbox-inner \" ><img class=\"gem-wrapbox-element img-responsive\" src=\"https:\/\/www.multilines.ro\/wp-content\/uploads\/2019\/10\/constructii-civile11.jpg\" alt=\"\"\/><\/div><\/div>[\/vc_column][vc_column css_animation=&#8221;slideInRight&#8221; offset=&#8221;vc_col-lg-offset-0 vc_col-md-offset-0 vc_col-md-6 vc_col-sm-offset-0&#8243;][vc_column_text css=&#8221;.vc_custom_1599033451479{margin-top: -12px !important;}&#8221;]<\/p>\n<div class=\"title-h3\" style=\"text-align: left; margin-bottom: 20px;\">COSTRUZIONI CIVILI<\/div>\n<div style=\"width: 55px; height: 3px; background: #fbc300; text-indent: 9999px;\">1<\/div>\n<p>[\/vc_column_text][vc_column_text css=&#8221;.vc_custom_1599033629120{margin-bottom: 0px !important;}&#8221;]<\/p>\n<p style=\"text-align: justify;\">I <strong>servizi topografici<\/strong> sono strettamente correlati a lavori di costruzione civili o industriali e sono svolti in concomitanza con essi. Il contenuto principale dei<strong> servizi topografici<\/strong> che accompagnano il processo di costruzione civile \u00e8 lo stesso, sia nella progettazione che nell&#8217;esecuzione della costruzione, solo che l&#8217;ordine di queste opere \u00e8 invertito. I rilievi topografici comprendono sia attivit\u00e0 in loco che attivit\u00e0 d&#8217;ufficio. I servizi in loco consistono in misurazioni (utilizzando gli strumenti topografici), per ottenere angoli, lunghezze e differenze di livello che verranno utilizzate nelle costruzioni civili. I servizi d&#8217;ufficio consistono nell&#8217;elaborazione delle informazioni raccolte in loco (elaborazione degli elementi topografici o del terreno al fine di stabilire la posizione reciproca dei punti nel terreno), nonch\u00e9 nella redazione del piano (riportando i punti su piani e profili)..<\/p>\n<p>[\/vc_column_text]<div class=\"clearboth\"><\/div><style>#thegem-divider-69e61904ce17d {margin-top: 30px !important;}<\/style><div id=\"thegem-divider-69e61904ce17d\" class=\"gem-divider  \" style=\"\" ><\/div>[\/vc_column][\/vc_row][vc_row full_width=&#8221;stretch_row&#8221; css=&#8221;.vc_custom_1570448508394{margin-bottom: 0px !important;background-image: url(http:\/\/www.multilines.ro\/wp-content\/uploads\/2018\/12\/2.jpg?id=879) !important;background-position: center !important;background-repeat: no-repeat !important;background-size: cover !important;}&#8221;][vc_column css=&#8221;.vc_custom_1511274007858{margin-bottom: 0px !important;padding-bottom: 0px !important;}&#8221;][vc_column_text]<\/p>\n<div class=\"title-h2\" style=\"text-align: center; margin-bottom: 20px;\"><span style=\"color: #2c2c2c;\">Contattaci<\/span><\/div>\n<div style=\"width: 55px; height: 3px; background: #fbc300; margin: 0 auto; text-indent: 9999px;\">1<\/div>\n<p>[\/vc_column_text]\n<div class=\"wpcf7 no-js\" id=\"wpcf7-f2665-o1\" lang=\"en-US\" dir=\"ltr\" data-wpcf7-id=\"2665\">\n<div class=\"screen-reader-response\"><p role=\"status\" aria-live=\"polite\" aria-atomic=\"true\"><\/p> <ul><\/ul><\/div>\n<form action=\"\/it\/wp-json\/wp\/v2\/pages\/2392#wpcf7-f2665-o1\" method=\"post\" class=\"wpcf7-form init gem-contact-form-white\" aria-label=\"Contact form\" novalidate=\"novalidate\" data-status=\"init\">\n<fieldset class=\"hidden-fields-container\"><input type=\"hidden\" name=\"_wpcf7\" value=\"2665\" \/><input type=\"hidden\" name=\"_wpcf7_version\" value=\"6.1.3\" \/><input type=\"hidden\" name=\"_wpcf7_locale\" value=\"en_US\" \/><input type=\"hidden\" name=\"_wpcf7_unit_tag\" value=\"wpcf7-f2665-o1\" \/><input type=\"hidden\" name=\"_wpcf7_container_post\" value=\"0\" \/><input type=\"hidden\" name=\"_wpcf7_posted_data_hash\" value=\"\" \/>\n<\/fieldset>\n<div class='contactform-fullwidth'>\n<p class='col-sm-12'><span class=\"wpcf7-form-control-wrap\" data-name=\"nome\"><input size=\"40\" maxlength=\"400\" class=\"wpcf7-form-control wpcf7-text wpcf7-validates-as-required\" aria-required=\"true\" aria-invalid=\"false\" placeholder=\"Nome*\" value=\"\" type=\"text\" name=\"nome\" \/><\/span><\/p>\n<p class='col-sm-12'><span class=\"wpcf7-form-control-wrap\" data-name=\"email\"><input size=\"40\" maxlength=\"400\" class=\"wpcf7-form-control wpcf7-email wpcf7-validates-as-required wpcf7-text wpcf7-validates-as-email\" aria-required=\"true\" aria-invalid=\"false\" placeholder=\"Email*\" value=\"\" type=\"email\" name=\"email\" \/><\/span><\/p>\n<p class='col-sm-12'><span class=\"wpcf7-form-control-wrap\" data-name=\"telefono\"><input size=\"40\" maxlength=\"400\" class=\"wpcf7-form-control wpcf7-text wpcf7-validates-as-required\" aria-required=\"true\" aria-invalid=\"false\" placeholder=\"Telefono*\" value=\"\" type=\"text\" name=\"telefono\" \/><\/span><\/p>\n<p class='col-sm-12'><span class=\"wpcf7-form-control-wrap\" data-name=\"message\"><textarea cols=\"40\" rows=\"10\" maxlength=\"2000\" class=\"wpcf7-form-control wpcf7-textarea wpcf7-validates-as-required\" aria-required=\"true\" aria-invalid=\"false\" placeholder=\"Messaggio*\" name=\"message\"><\/textarea><\/span><\/p>\n\n<p class=\"col-md-12\">Accetto informativa della privacy ai sensi del regolamento (UE) n. 2016\/679. <a href=\"\/it\/informativa-sulla-privacy\/\" target=\"_blank\">Informativa sulla privacy<\/a><span class=\"wpcf7-form-control-wrap\" data-name=\"terms\"><span class=\"wpcf7-form-control wpcf7-checkbox\"><span class=\"wpcf7-list-item first last\"><input type=\"checkbox\" name=\"terms[]\" value=\"\" \/><span class=\"wpcf7-list-item-label\"><\/span><\/span><\/span><\/span><\/p>\n\n<span class=\"wpcf7-form-control-wrap kc_captcha\" data-name=\"kc_captcha\"><span class=\"wpcf7-form-control wpcf7-radio\"><span class=\"captcha-image\" ><span class=\"cf7ic_instructions\">Please prove you are human by selecting the<span> house<\/span>.<\/span><label><input aria-label=\"1\" type=\"radio\" name=\"kc_captcha\" value=\"kc_human\" \/><svg aria-hidden=\"true\" role=\"img\" xmlns=\"http:\/\/www.w3.org\/2000\/svg\" viewBox=\"0 0 576 512\"><path fill=\"currentColor\" d=\"M488 313v143c0 13-11 24-24 24H348c-7 0-12-5-12-12V356c0-7-5-12-12-12h-72c-7 0-12 5-12 12v112c0 7-5 12-12 12H112c-13 0-24-11-24-24V313c0-4 2-7 4-10l188-154c5-4 11-4 16 0l188 154c2 3 4 6 4 10zm84-61l-84-69V44c0-6-5-12-12-12h-56c-7 0-12 6-12 12v73l-89-74a48 48 0 00-61 0L4 252c-5 4-5 12-1 17l25 31c5 5 12 5 17 1l235-193c5-4 11-4 16 0l235 193c5 5 13 4 17-1l25-31c4-6 4-13-1-17z\"\/><\/svg><\/label><label><input aria-label=\"2\" type=\"radio\" name=\"kc_captcha\" value=\"bot\" \/><svg aria-hidden=\"true\" role=\"img\" xmlns=\"http:\/\/www.w3.org\/2000\/svg\" viewBox=\"0 0 640 512\"><path fill=\"currentColor\" d=\"M192 384h192c53 0 96-43 96-96h32a128 128 0 000-256H120c-13 0-24 11-24 24v232c0 53 43 96 96 96zM512 96a64 64 0 010 128h-32V96h32zm48 384H48c-47 0-61-64-36-64h584c25 0 11 64-36 64z\"\/><\/svg><\/label><label><input aria-label=\"3\" type=\"radio\" name=\"kc_captcha\" value=\"bot\" \/><svg aria-hidden=\"true\" role=\"img\" xmlns=\"http:\/\/www.w3.org\/2000\/svg\" viewBox=\"0 0 640 512\"><path fill=\"currentColor\" d=\"M624 352h-16V244c0-13-5-25-14-34L494 110c-9-9-21-14-34-14h-44V48c0-26-21-48-48-48H48C22 0 0 22 0 48v320c0 27 22 48 48 48h16a96 96 0 00192 0h128a96 96 0 00192 0h48c9 0 16-7 16-16v-32c0-9-7-16-16-16zM160 464a48 48 0 110-96 48 48 0 010 96zm320 0a48 48 0 110-96 48 48 0 010 96zm80-208H416V144h44l100 100v12z\"\/><\/svg><\/label>\r\n    <\/span>\r\n    <span style=\"display:none\">\r\n        <input type=\"text\" name=\"kc_honeypot\">\r\n    <\/span><\/span><\/span>\n<br>\n<p class='col-sm-12'><style type=\"text\/css\">.thegem-button-69e61904cf1fe2306 .gem-button svg {fill: #fff;}.thegem-button-69e61904cf1fe2306 .gem-button:hover svg {fill: #1f1f1f;}<\/style><div class=\"gem-button-container gem-button-position-center thegem-button-69e61904cf1fe2306\"  ><input class=\"gem-button gem-button-size-small gem-button-style-flat gem-button-text-weight-normal wpcf7-form-control wpcf7-submit has-spinner gem-button-wpcf-custom\" data-ll-effect=\"drop-right-without-wrap\" style=\"border-radius: 3px;background-color: #3c5597;color: #fff;\" onmouseleave=\"this.style.backgroundColor='#3c5597';this.style.color='#fff';\" onmouseenter=\"this.style.backgroundColor='#fbba00';this.style.color='#1f1f1f';\" id=\"\" tabindex=\"\" type=\"submit\" value=\"Invia\" \/><\/div>\n\n\n\n<\/div><div class=\"wpcf7-response-output\" aria-hidden=\"true\"><\/div>\n<\/form>\n<\/div>\n[\/vc_column][\/vc_row]<\/p>\n<\/div>","protected":false},"excerpt":{"rendered":"<p>[vc_row full_width=&#8221;stretch_row&#8221; css=&#8221;.vc_custom_1511177893404{margin-bottom: 0px !important;}&#8221;][vc_column][\/vc_column][vc_column css_animation=&#8221;slideInLeft&#8221; offset=&#8221;vc_col-md-6&#8243;][\/vc_column][vc_column css_animation=&#8221;slideInRight&#8221; offset=&#8221;vc_col-lg-offset-0 vc_col-md-offset-0 vc_col-md-6 vc_col-sm-offset-0&#8243;][vc_column_text css=&#8221;.vc_custom_1599033451479{margin-top: -12px !important;}&#8221;] COSTRUZIONI CIVILI 1 [\/vc_column_text][vc_column_text css=&#8221;.vc_custom_1599033629120{margin-bottom:&#8230;<\/p>\n","protected":false},"author":1,"featured_media":0,"parent":2386,"menu_order":0,"comment_status":"closed","ping_status":"closed","template":"","meta":{"footnotes":""},"class_list":["post-2392","page","type-page","status-publish"],"yoast_head":"<!-- This site is optimized with the Yoast SEO plugin v26.3 - https:\/\/yoast.com\/wordpress\/plugins\/seo\/ -->\n<title>Costruzioni civili<\/title>\n<meta name=\"description\" content=\"I servizi topografici sono strettamente correlati a lavori di costruzione civili o industriali e sono svolti in concomitanza con essi. Il contenuto principale dei servizi topografici che accompagnano il processo di costruzione civile \u00e8 lo stesso, sia nella progettazione che nell&#039;esecuzione della costruzione, solo che l&#039;ordine di queste opere \u00e8 invertito. I rilievi topografici comprendono sia attivit\u00e0 in loco che attivit\u00e0 d&#039;ufficio. I servizi in loco consistono in misurazioni (utilizzando gli strumenti topografici), per ottenere angoli, lunghezze e differenze di livello che verranno utilizzate nelle costruzioni civili. I servizi d&#039;ufficio consistono nell&#039;elaborazione delle informazioni raccolte in loco (elaborazione degli elementi topografici o del terreno al fine di stabilire la posizione reciproca dei punti nel terreno), nonch\u00e9 nella redazione del piano (riportando i punti su piani e profili)..\" \/>\n<meta name=\"robots\" content=\"index, follow, max-snippet:-1, max-image-preview:large, max-video-preview:-1\" \/>\n<link rel=\"canonical\" href=\"https:\/\/www.multilines.ro\/it\/servizi-topografici\/servizi-topografici-per-la-progettazione\/costruzioni-civili\/\" \/>\n<meta property=\"og:locale\" content=\"it_IT\" \/>\n<meta property=\"og:type\" content=\"article\" \/>\n<meta property=\"og:title\" content=\"Costruzioni civili\" \/>\n<meta property=\"og:description\" content=\"I servizi topografici sono strettamente correlati a lavori di costruzione civili o industriali e sono svolti in concomitanza con essi. Il contenuto principale dei servizi topografici che accompagnano il processo di costruzione civile \u00e8 lo stesso, sia nella progettazione che nell&#039;esecuzione della costruzione, solo che l&#039;ordine di queste opere \u00e8 invertito. I rilievi topografici comprendono sia attivit\u00e0 in loco che attivit\u00e0 d&#039;ufficio. I servizi in loco consistono in misurazioni (utilizzando gli strumenti topografici), per ottenere angoli, lunghezze e differenze di livello che verranno utilizzate nelle costruzioni civili. I servizi d&#039;ufficio consistono nell&#039;elaborazione delle informazioni raccolte in loco (elaborazione degli elementi topografici o del terreno al fine di stabilire la posizione reciproca dei punti nel terreno), nonch\u00e9 nella redazione del piano (riportando i punti su piani e profili)..\" \/>\n<meta property=\"og:url\" content=\"https:\/\/www.multilines.ro\/it\/servizi-topografici\/servizi-topografici-per-la-progettazione\/costruzioni-civili\/\" \/>\n<meta property=\"og:site_name\" content=\"Multilines\" \/>\n<meta property=\"article:publisher\" content=\"https:\/\/www.facebook.com\/multilines.ro\/\" \/>\n<meta property=\"article:modified_time\" content=\"2020-09-18T13:14:57+00:00\" \/>\n<meta name=\"twitter:card\" content=\"summary_large_image\" \/>\n<meta name=\"twitter:label1\" content=\"Tempo di lettura stimato\" \/>\n\t<meta name=\"twitter:data1\" content=\"1 minuto\" \/>\n<script type=\"application\/ld+json\" class=\"yoast-schema-graph\">{\"@context\":\"https:\/\/schema.org\",\"@graph\":[{\"@type\":\"WebPage\",\"@id\":\"https:\/\/www.multilines.ro\/it\/servizi-topografici\/servizi-topografici-per-la-progettazione\/costruzioni-civili\/\",\"url\":\"https:\/\/www.multilines.ro\/it\/servizi-topografici\/servizi-topografici-per-la-progettazione\/costruzioni-civili\/\",\"name\":\"Costruzioni civili\",\"isPartOf\":{\"@id\":\"https:\/\/www.multilines.ro\/#website\"},\"datePublished\":\"2019-10-07T09:03:04+00:00\",\"dateModified\":\"2020-09-18T13:14:57+00:00\",\"description\":\"I servizi topografici sono strettamente correlati a lavori di costruzione civili o industriali e sono svolti in concomitanza con essi. Il contenuto principale dei servizi topografici che accompagnano il processo di costruzione civile \u00e8 lo stesso, sia nella progettazione che nell'esecuzione della costruzione, solo che l'ordine di queste opere \u00e8 invertito. I rilievi topografici comprendono sia attivit\u00e0 in loco che attivit\u00e0 d'ufficio. I servizi in loco consistono in misurazioni (utilizzando gli strumenti topografici), per ottenere angoli, lunghezze e differenze di livello che verranno utilizzate nelle costruzioni civili. I servizi d'ufficio consistono nell'elaborazione delle informazioni raccolte in loco (elaborazione degli elementi topografici o del terreno al fine di stabilire la posizione reciproca dei punti nel terreno), nonch\u00e9 nella redazione del piano (riportando i punti su piani e profili)..\",\"breadcrumb\":{\"@id\":\"https:\/\/www.multilines.ro\/it\/servizi-topografici\/servizi-topografici-per-la-progettazione\/costruzioni-civili\/#breadcrumb\"},\"inLanguage\":\"it-IT\",\"potentialAction\":[{\"@type\":\"ReadAction\",\"target\":[\"https:\/\/www.multilines.ro\/it\/servizi-topografici\/servizi-topografici-per-la-progettazione\/costruzioni-civili\/\"]}]},{\"@type\":\"BreadcrumbList\",\"@id\":\"https:\/\/www.multilines.ro\/it\/servizi-topografici\/servizi-topografici-per-la-progettazione\/costruzioni-civili\/#breadcrumb\",\"itemListElement\":[{\"@type\":\"ListItem\",\"position\":1,\"name\":\"Home\",\"item\":\"https:\/\/www.multilines.ro\/it\/\"},{\"@type\":\"ListItem\",\"position\":2,\"name\":\"Servizi topografici\",\"item\":\"https:\/\/www.multilines.ro\/it\/servizi-topografici\/\"},{\"@type\":\"ListItem\",\"position\":3,\"name\":\"Servizi topografici per la progettazione\",\"item\":\"https:\/\/www.multilines.ro\/it\/servizi-topografici\/servizi-topografici-per-la-progettazione\/\"},{\"@type\":\"ListItem\",\"position\":4,\"name\":\"Costruzioni civili\"}]},{\"@type\":\"WebSite\",\"@id\":\"https:\/\/www.multilines.ro\/#website\",\"url\":\"https:\/\/www.multilines.ro\/\",\"name\":\"www.multilines.ro\",\"description\":\"Multilines\",\"publisher\":{\"@id\":\"https:\/\/www.multilines.ro\/#organization\"},\"potentialAction\":[{\"@type\":\"SearchAction\",\"target\":{\"@type\":\"EntryPoint\",\"urlTemplate\":\"https:\/\/www.multilines.ro\/?s={search_term_string}\"},\"query-input\":{\"@type\":\"PropertyValueSpecification\",\"valueRequired\":true,\"valueName\":\"search_term_string\"}}],\"inLanguage\":\"it-IT\"},{\"@type\":\"Organization\",\"@id\":\"https:\/\/www.multilines.ro\/#organization\",\"name\":\"www.multilines.ro\",\"url\":\"https:\/\/www.multilines.ro\/\",\"logo\":{\"@type\":\"ImageObject\",\"inLanguage\":\"it-IT\",\"@id\":\"https:\/\/www.multilines.ro\/#\/schema\/logo\/image\/\",\"url\":\"https:\/\/www.multilines.ro\/wp-content\/uploads\/2019\/12\/logo-multilines-04.png\",\"contentUrl\":\"https:\/\/www.multilines.ro\/wp-content\/uploads\/2019\/12\/logo-multilines-04.png\",\"width\":654,\"height\":499,\"caption\":\"www.multilines.ro\"},\"image\":{\"@id\":\"https:\/\/www.multilines.ro\/#\/schema\/logo\/image\/\"},\"sameAs\":[\"https:\/\/www.facebook.com\/multilines.ro\/\"]}]}<\/script>\n<!-- \/ Yoast SEO plugin. -->","yoast_head_json":{"title":"Costruzioni civili","description":"I servizi topografici sono strettamente correlati a lavori di costruzione civili o industriali e sono svolti in concomitanza con essi. Il contenuto principale dei servizi topografici che accompagnano il processo di costruzione civile \u00e8 lo stesso, sia nella progettazione che nell'esecuzione della costruzione, solo che l'ordine di queste opere \u00e8 invertito. I rilievi topografici comprendono sia attivit\u00e0 in loco che attivit\u00e0 d'ufficio. I servizi in loco consistono in misurazioni (utilizzando gli strumenti topografici), per ottenere angoli, lunghezze e differenze di livello che verranno utilizzate nelle costruzioni civili. I servizi d'ufficio consistono nell'elaborazione delle informazioni raccolte in loco (elaborazione degli elementi topografici o del terreno al fine di stabilire la posizione reciproca dei punti nel terreno), nonch\u00e9 nella redazione del piano (riportando i punti su piani e profili)..","robots":{"index":"index","follow":"follow","max-snippet":"max-snippet:-1","max-image-preview":"max-image-preview:large","max-video-preview":"max-video-preview:-1"},"canonical":"https:\/\/www.multilines.ro\/it\/servizi-topografici\/servizi-topografici-per-la-progettazione\/costruzioni-civili\/","og_locale":"it_IT","og_type":"article","og_title":"Costruzioni civili","og_description":"I servizi topografici sono strettamente correlati a lavori di costruzione civili o industriali e sono svolti in concomitanza con essi. Il contenuto principale dei servizi topografici che accompagnano il processo di costruzione civile \u00e8 lo stesso, sia nella progettazione che nell'esecuzione della costruzione, solo che l'ordine di queste opere \u00e8 invertito. I rilievi topografici comprendono sia attivit\u00e0 in loco che attivit\u00e0 d'ufficio. I servizi in loco consistono in misurazioni (utilizzando gli strumenti topografici), per ottenere angoli, lunghezze e differenze di livello che verranno utilizzate nelle costruzioni civili. I servizi d'ufficio consistono nell'elaborazione delle informazioni raccolte in loco (elaborazione degli elementi topografici o del terreno al fine di stabilire la posizione reciproca dei punti nel terreno), nonch\u00e9 nella redazione del piano (riportando i punti su piani e profili)..","og_url":"https:\/\/www.multilines.ro\/it\/servizi-topografici\/servizi-topografici-per-la-progettazione\/costruzioni-civili\/","og_site_name":"Multilines","article_publisher":"https:\/\/www.facebook.com\/multilines.ro\/","article_modified_time":"2020-09-18T13:14:57+00:00","twitter_card":"summary_large_image","twitter_misc":{"Tempo di lettura stimato":"1 minuto"},"schema":{"@context":"https:\/\/schema.org","@graph":[{"@type":"WebPage","@id":"https:\/\/www.multilines.ro\/it\/servizi-topografici\/servizi-topografici-per-la-progettazione\/costruzioni-civili\/","url":"https:\/\/www.multilines.ro\/it\/servizi-topografici\/servizi-topografici-per-la-progettazione\/costruzioni-civili\/","name":"Costruzioni civili","isPartOf":{"@id":"https:\/\/www.multilines.ro\/#website"},"datePublished":"2019-10-07T09:03:04+00:00","dateModified":"2020-09-18T13:14:57+00:00","description":"I servizi topografici sono strettamente correlati a lavori di costruzione civili o industriali e sono svolti in concomitanza con essi. Il contenuto principale dei servizi topografici che accompagnano il processo di costruzione civile \u00e8 lo stesso, sia nella progettazione che nell'esecuzione della costruzione, solo che l'ordine di queste opere \u00e8 invertito. I rilievi topografici comprendono sia attivit\u00e0 in loco che attivit\u00e0 d'ufficio. I servizi in loco consistono in misurazioni (utilizzando gli strumenti topografici), per ottenere angoli, lunghezze e differenze di livello che verranno utilizzate nelle costruzioni civili. I servizi d'ufficio consistono nell'elaborazione delle informazioni raccolte in loco (elaborazione degli elementi topografici o del terreno al fine di stabilire la posizione reciproca dei punti nel terreno), nonch\u00e9 nella redazione del piano (riportando i punti su piani e profili)..","breadcrumb":{"@id":"https:\/\/www.multilines.ro\/it\/servizi-topografici\/servizi-topografici-per-la-progettazione\/costruzioni-civili\/#breadcrumb"},"inLanguage":"it-IT","potentialAction":[{"@type":"ReadAction","target":["https:\/\/www.multilines.ro\/it\/servizi-topografici\/servizi-topografici-per-la-progettazione\/costruzioni-civili\/"]}]},{"@type":"BreadcrumbList","@id":"https:\/\/www.multilines.ro\/it\/servizi-topografici\/servizi-topografici-per-la-progettazione\/costruzioni-civili\/#breadcrumb","itemListElement":[{"@type":"ListItem","position":1,"name":"Home","item":"https:\/\/www.multilines.ro\/it\/"},{"@type":"ListItem","position":2,"name":"Servizi topografici","item":"https:\/\/www.multilines.ro\/it\/servizi-topografici\/"},{"@type":"ListItem","position":3,"name":"Servizi topografici per la progettazione","item":"https:\/\/www.multilines.ro\/it\/servizi-topografici\/servizi-topografici-per-la-progettazione\/"},{"@type":"ListItem","position":4,"name":"Costruzioni civili"}]},{"@type":"WebSite","@id":"https:\/\/www.multilines.ro\/#website","url":"https:\/\/www.multilines.ro\/","name":"www.multilines.ro","description":"Multilines","publisher":{"@id":"https:\/\/www.multilines.ro\/#organization"},"potentialAction":[{"@type":"SearchAction","target":{"@type":"EntryPoint","urlTemplate":"https:\/\/www.multilines.ro\/?s={search_term_string}"},"query-input":{"@type":"PropertyValueSpecification","valueRequired":true,"valueName":"search_term_string"}}],"inLanguage":"it-IT"},{"@type":"Organization","@id":"https:\/\/www.multilines.ro\/#organization","name":"www.multilines.ro","url":"https:\/\/www.multilines.ro\/","logo":{"@type":"ImageObject","inLanguage":"it-IT","@id":"https:\/\/www.multilines.ro\/#\/schema\/logo\/image\/","url":"https:\/\/www.multilines.ro\/wp-content\/uploads\/2019\/12\/logo-multilines-04.png","contentUrl":"https:\/\/www.multilines.ro\/wp-content\/uploads\/2019\/12\/logo-multilines-04.png","width":654,"height":499,"caption":"www.multilines.ro"},"image":{"@id":"https:\/\/www.multilines.ro\/#\/schema\/logo\/image\/"},"sameAs":["https:\/\/www.facebook.com\/multilines.ro\/"]}]}},"_links":{"self":[{"href":"https:\/\/www.multilines.ro\/it\/wp-json\/wp\/v2\/pages\/2392","targetHints":{"allow":["GET"]}}],"collection":[{"href":"https:\/\/www.multilines.ro\/it\/wp-json\/wp\/v2\/pages"}],"about":[{"href":"https:\/\/www.multilines.ro\/it\/wp-json\/wp\/v2\/types\/page"}],"author":[{"embeddable":true,"href":"https:\/\/www.multilines.ro\/it\/wp-json\/wp\/v2\/users\/1"}],"replies":[{"embeddable":true,"href":"https:\/\/www.multilines.ro\/it\/wp-json\/wp\/v2\/comments?post=2392"}],"version-history":[{"count":5,"href":"https:\/\/www.multilines.ro\/it\/wp-json\/wp\/v2\/pages\/2392\/revisions"}],"predecessor-version":[{"id":2985,"href":"https:\/\/www.multilines.ro\/it\/wp-json\/wp\/v2\/pages\/2392\/revisions\/2985"}],"up":[{"embeddable":true,"href":"https:\/\/www.multilines.ro\/it\/wp-json\/wp\/v2\/pages\/2386"}],"wp:attachment":[{"href":"https:\/\/www.multilines.ro\/it\/wp-json\/wp\/v2\/media?parent=2392"}],"curies":[{"name":"wp","href":"https:\/\/api.w.org\/{rel}","templated":true}]}}