{"id":2485,"date":"2019-10-07T08:58:02","date_gmt":"2019-10-07T08:58:02","guid":{"rendered":"https:\/\/www.multilines.ro\/lucrari-de-cadastru\/intabularea-in-cartea-funciara-a-titlurilor-de-proprietate\/"},"modified":"2020-09-18T12:47:34","modified_gmt":"2020-09-18T12:47:34","slug":"iscrizione-nella-cartea-funciara-del-titolo-di-proprieta","status":"publish","type":"page","link":"https:\/\/www.multilines.ro\/it\/servizi-catastali\/iscrizione-nella-cartea-funciara-del-titolo-di-proprieta\/","title":{"rendered":"Iscrizione nella \u201ccartea funciara\u201d del titolo di propriet\u00e0"},"content":{"rendered":"<div class=\"wpb-content-wrapper\"><p>[vc_row full_width=&#8221;stretch_row&#8221; css=&#8221;.vc_custom_1511177893404{margin-bottom: 0px !important;}&#8221;][vc_column]<div class=\"clearboth\"><\/div><style>#thegem-divider-69e5d8fb3083e {margin-top: 30px !important;}<\/style><div id=\"thegem-divider-69e5d8fb3083e\" class=\"gem-divider  \" style=\"\" ><\/div>[\/vc_column][vc_column css_animation=&#8221;slideInLeft&#8221; offset=&#8221;vc_col-md-6&#8243;]<div class=\"gem-image gem-wrapbox gem-wrapbox-style-default gem-wrapbox-position-below  thegem-custom-69e5d8fb308797870\"  style=\"\" ><div class=\"gem-wrapbox-inner \" ><img class=\"gem-wrapbox-element img-responsive\" src=\"https:\/\/www.multilines.ro\/wp-content\/uploads\/2019\/10\/intabulare-in-cf-a-titlurilor-de-proprietate.jpg\" alt=\"\"\/><\/div><\/div>[\/vc_column][vc_column css_animation=&#8221;slideInRight&#8221; offset=&#8221;vc_col-lg-offset-0 vc_col-md-offset-0 vc_col-md-6 vc_col-sm-offset-0&#8243;][vc_column_text css=&#8221;.vc_custom_1599049771508{margin-top: -12px !important;}&#8221;]<\/p>\n<p class=\"title-h3\" style=\"text-align: left; margin-bottom: 20px;\">Iscrizione nella \u201ccartea funciara\u201d del titolo di propriet\u00e0<\/p>\n<div style=\"width: 55px; height: 3px; background: #fbc300; text-indent: 9999px;\">1<\/div>\n<p>[\/vc_column_text][vc_column_text css=&#8221;.vc_custom_1599049855875{margin-bottom: 0px !important;}&#8221;]<\/p>\n<p style=\"text-align: justify;\"><strong>Iscrivere un titolo di propriet\u00e0<\/strong> significa inserire definitivamente un diritto di propriet\u00e0 o un <strong>diritto immobiliare<\/strong> nel registro fondiario. In altre parole, attraverso l\u2019intabulazione si dimostra l\u2019effettiva propriet\u00e0, propriet\u00e0 che \u00e8 quindi trascritta <strong>nel registro<\/strong>.<strong> L\u2019intabulazione<\/strong> \u00e8 necessaria in qualsiasi operazione in cui una propriet\u00e0 immobiliare viene modificata.<\/p>\n<p>[\/vc_column_text]<div class=\"clearboth\"><\/div><style>#thegem-divider-69e5d8fb30937 {margin-top: 20px !important;}<\/style><div id=\"thegem-divider-69e5d8fb30937\" class=\"gem-divider  \" style=\"\" ><\/div>[vc_column_text css=&#8221;.vc_custom_1599049887915{margin-top: -12px !important;}&#8221;]<\/p>\n<p class=\"title-h3\" style=\"text-align: left; margin-bottom: 20px;\">ATTI NECESSARI:<\/p>\n<div style=\"width: 55px; height: 3px; background: #fbc300; text-indent: 9999px;\">1<\/div>\n<p>[\/vc_column_text]<div class=\"gem-list gem-list-type-check-style-1 gem-list-color-4\" ><ul>\n<li><span lang=\"fr-FR\">titolo della propriet\u00e0 (copia legalizzata)<\/span><span lang=\"fr-FR\">;<\/span><\/li>\n<li>copia carta d&#8217;identit\u00e0;<\/li>\n<li>certificato di eredit\u00e0, contratto di vendita &#8211; acquisto, procure speciali (copia autenticata);<\/li>\n<li>copia del certificato fiscale;<\/li>\n<\/ul>\n<p align=\"justify\"><span lang=\"ro-RO\"><b>Durata: 20 giorni + termine OCPI normalmente 15 giorni o 5 giorni in regime di urgenza (<\/b><\/span><span style=\"color: #000080;\"><span lang=\"zxx\"><u><a href=\"http:\/\/ocpitimis.ro\/termene.php\"><span lang=\"ro-RO\">http:\/\/ocpitimis.ro\/termene.php<\/span><\/a><\/u><\/span><\/span><span lang=\"ro-RO\"><b>)<\/b><\/span><\/p>\n<\/div>[\/vc_column][\/vc_row][vc_row full_width=&#8221;stretch_row&#8221; css=&#8221;.vc_custom_1570447583939{margin-bottom: 0px !important;background-image: url(http:\/\/www.multilines.ro\/wp-content\/uploads\/2018\/12\/2.jpg?id=879) !important;background-position: center !important;background-repeat: no-repeat !important;background-size: cover !important;}&#8221;][vc_column css=&#8221;.vc_custom_1511274007858{margin-bottom: 0px !important;padding-bottom: 0px !important;}&#8221;][vc_column_text]<\/p>\n<div class=\"title-h2\" style=\"text-align: center; margin-bottom: 20px;\"><span style=\"color: #2c2c2c;\">Contattaci<\/span><\/div>\n<div style=\"width: 55px; height: 3px; background: #fbc300; margin: 0 auto; text-indent: 9999px;\">1<\/div>\n<p>[\/vc_column_text]\n<div class=\"wpcf7 no-js\" id=\"wpcf7-f2665-o1\" lang=\"en-US\" dir=\"ltr\" data-wpcf7-id=\"2665\">\n<div class=\"screen-reader-response\"><p role=\"status\" aria-live=\"polite\" aria-atomic=\"true\"><\/p> <ul><\/ul><\/div>\n<form action=\"\/it\/wp-json\/wp\/v2\/pages\/2485#wpcf7-f2665-o1\" method=\"post\" class=\"wpcf7-form init gem-contact-form-white\" aria-label=\"Contact form\" novalidate=\"novalidate\" data-status=\"init\">\n<fieldset class=\"hidden-fields-container\"><input type=\"hidden\" name=\"_wpcf7\" value=\"2665\" \/><input type=\"hidden\" name=\"_wpcf7_version\" value=\"6.1.3\" \/><input type=\"hidden\" name=\"_wpcf7_locale\" value=\"en_US\" \/><input type=\"hidden\" name=\"_wpcf7_unit_tag\" value=\"wpcf7-f2665-o1\" \/><input type=\"hidden\" name=\"_wpcf7_container_post\" value=\"0\" \/><input type=\"hidden\" name=\"_wpcf7_posted_data_hash\" value=\"\" \/>\n<\/fieldset>\n<div class='contactform-fullwidth'>\n<p class='col-sm-12'><span class=\"wpcf7-form-control-wrap\" data-name=\"nome\"><input size=\"40\" maxlength=\"400\" class=\"wpcf7-form-control wpcf7-text wpcf7-validates-as-required\" aria-required=\"true\" aria-invalid=\"false\" placeholder=\"Nome*\" value=\"\" type=\"text\" name=\"nome\" \/><\/span><\/p>\n<p class='col-sm-12'><span class=\"wpcf7-form-control-wrap\" data-name=\"email\"><input size=\"40\" maxlength=\"400\" class=\"wpcf7-form-control wpcf7-email wpcf7-validates-as-required wpcf7-text wpcf7-validates-as-email\" aria-required=\"true\" aria-invalid=\"false\" placeholder=\"Email*\" value=\"\" type=\"email\" name=\"email\" \/><\/span><\/p>\n<p class='col-sm-12'><span class=\"wpcf7-form-control-wrap\" data-name=\"telefono\"><input size=\"40\" maxlength=\"400\" class=\"wpcf7-form-control wpcf7-text wpcf7-validates-as-required\" aria-required=\"true\" aria-invalid=\"false\" placeholder=\"Telefono*\" value=\"\" type=\"text\" name=\"telefono\" \/><\/span><\/p>\n<p class='col-sm-12'><span class=\"wpcf7-form-control-wrap\" data-name=\"message\"><textarea cols=\"40\" rows=\"10\" maxlength=\"2000\" class=\"wpcf7-form-control wpcf7-textarea wpcf7-validates-as-required\" aria-required=\"true\" aria-invalid=\"false\" placeholder=\"Messaggio*\" name=\"message\"><\/textarea><\/span><\/p>\n\n<p class=\"col-md-12\">Accetto informativa della privacy ai sensi del regolamento (UE) n. 2016\/679. <a href=\"\/it\/informativa-sulla-privacy\/\" target=\"_blank\">Informativa sulla privacy<\/a><span class=\"wpcf7-form-control-wrap\" data-name=\"terms\"><span class=\"wpcf7-form-control wpcf7-checkbox\"><span class=\"wpcf7-list-item first last\"><input type=\"checkbox\" name=\"terms[]\" value=\"\" \/><span class=\"wpcf7-list-item-label\"><\/span><\/span><\/span><\/span><\/p>\n\n<span class=\"wpcf7-form-control-wrap kc_captcha\" data-name=\"kc_captcha\"><span class=\"wpcf7-form-control wpcf7-radio\"><span class=\"captcha-image\" ><span class=\"cf7ic_instructions\">Please prove you are human by selecting the<span> plane<\/span>.<\/span><label><input aria-label=\"1\" type=\"radio\" name=\"kc_captcha\" value=\"bot\" \/><svg aria-hidden=\"true\" role=\"img\" xmlns=\"http:\/\/www.w3.org\/2000\/svg\" viewBox=\"0 0 576 512\"><path fill=\"currentColor\" d=\"M259 18l-65 132-146 22c-26 3-37 36-18 54l106 103-25 146c-5 26 23 46 46 33l131-68 131 68c23 13 51-7 46-33l-25-146 106-103c19-18 8-51-18-54l-146-22-65-132a32 32 0 00-58 0z\"\/><\/svg><\/label><label><input aria-label=\"2\" type=\"radio\" name=\"kc_captcha\" value=\"bot\" \/><svg aria-hidden=\"true\" role=\"img\" xmlns=\"http:\/\/www.w3.org\/2000\/svg\" viewBox=\"0 0 512 512\"><path fill=\"currentColor\" d=\"M500 168h-55l-8-21a127 127 0 00-120-83H195a127 127 0 00-120 83l-8 21H12c-8 0-14 8-11 16l8 24a12 12 0 0011 8h29a64 64 0 00-33 56v48c0 16 6 31 16 42v62c0 13 11 24 24 24h48c13 0 24-11 24-24v-40h256v40c0 13 11 24 24 24h48c13 0 24-11 24-24v-62c10-11 16-26 16-42v-48c0-24-13-45-33-56h29a12 12 0 0011-8l8-24c3-8-3-16-11-16zm-365 2c9-25 33-42 60-42h122c27 0 51 17 60 42l15 38H120l15-38zM88 328a32 32 0 010-64c18 0 48 30 48 48s-30 16-48 16zm336 0c-18 0-48 2-48-16s30-48 48-48 32 14 32 32-14 32-32 32z\"\/><\/svg><\/label><label><input aria-label=\"3\" type=\"radio\" name=\"kc_captcha\" value=\"kc_human\" \/><svg aria-hidden=\"true\" role=\"img\" xmlns=\"http:\/\/www.w3.org\/2000\/svg\" viewBox=\"0 0 576 512\"><path fill=\"currentColor\" d=\"M472 200H360L256 6a12 12 0 00-10-6h-58c-8 0-14 7-12 15l34 185H100l-35-58a12 12 0 00-10-6H12c-8 0-13 7-12 14l21 106L0 362c-1 7 4 14 12 14h43c4 0 8-2 10-6l35-58h110l-34 185c-2 8 4 15 12 15h58a12 12 0 0010-6l104-194h112c57 0 104-25 104-56s-47-56-104-56z\"\/><\/svg><\/label>\r\n    <\/span>\r\n    <span style=\"display:none\">\r\n        <input type=\"text\" name=\"kc_honeypot\">\r\n    <\/span><\/span><\/span>\n<br>\n<p class='col-sm-12'><style type=\"text\/css\">.thegem-button-69e5d8fb31a1a4744 .gem-button svg {fill: #fff;}.thegem-button-69e5d8fb31a1a4744 .gem-button:hover svg {fill: #1f1f1f;}<\/style><div class=\"gem-button-container gem-button-position-center thegem-button-69e5d8fb31a1a4744\"  ><input class=\"gem-button gem-button-size-small gem-button-style-flat gem-button-text-weight-normal wpcf7-form-control wpcf7-submit has-spinner gem-button-wpcf-custom\" data-ll-effect=\"drop-right-without-wrap\" style=\"border-radius: 3px;background-color: #3c5597;color: #fff;\" onmouseleave=\"this.style.backgroundColor='#3c5597';this.style.color='#fff';\" onmouseenter=\"this.style.backgroundColor='#fbba00';this.style.color='#1f1f1f';\" id=\"\" tabindex=\"\" type=\"submit\" value=\"Invia\" \/><\/div>\n\n\n\n<\/div><div class=\"wpcf7-response-output\" aria-hidden=\"true\"><\/div>\n<\/form>\n<\/div>\n[\/vc_column][\/vc_row]<\/p>\n<\/div>","protected":false},"excerpt":{"rendered":"<p>[vc_row full_width=&#8221;stretch_row&#8221; css=&#8221;.vc_custom_1511177893404{margin-bottom: 0px !important;}&#8221;][vc_column][\/vc_column][vc_column css_animation=&#8221;slideInLeft&#8221; offset=&#8221;vc_col-md-6&#8243;][\/vc_column][vc_column css_animation=&#8221;slideInRight&#8221; offset=&#8221;vc_col-lg-offset-0 vc_col-md-offset-0 vc_col-md-6 vc_col-sm-offset-0&#8243;][vc_column_text css=&#8221;.vc_custom_1599049771508{margin-top: -12px !important;}&#8221;] Iscrizione nella \u201ccartea funciara\u201d del&#8230;<\/p>\n","protected":false},"author":1,"featured_media":0,"parent":2481,"menu_order":0,"comment_status":"closed","ping_status":"closed","template":"","meta":{"footnotes":""},"class_list":["post-2485","page","type-page","status-publish"],"yoast_head":"<!-- This site is optimized with the Yoast SEO plugin v26.3 - https:\/\/yoast.com\/wordpress\/plugins\/seo\/ -->\n<title>Iscrizione nella \u201ccartea funciara\u201d del titolo di propriet\u00e0<\/title>\n<meta name=\"description\" content=\"Iscrivere un titolo di propriet\u00e0 significa inserire definitivamente un diritto di propriet\u00e0 o un diritto immobiliare nel registro fondiario. In altre parole, attraverso l\u2019intabulazione si dimostra l\u2019effettiva propriet\u00e0, propriet\u00e0 che \u00e8 quindi trascritta nel registro. L\u2019intabulazione \u00e8 necessaria in qualsiasi operazione in cui una propriet\u00e0 immobiliare viene modificata.\" \/>\n<meta name=\"robots\" content=\"index, follow, max-snippet:-1, max-image-preview:large, max-video-preview:-1\" \/>\n<link rel=\"canonical\" href=\"https:\/\/www.multilines.ro\/it\/servizi-catastali\/iscrizione-nella-cartea-funciara-del-titolo-di-proprieta\/\" \/>\n<meta property=\"og:locale\" content=\"it_IT\" \/>\n<meta property=\"og:type\" content=\"article\" \/>\n<meta property=\"og:title\" content=\"Iscrizione nella \u201ccartea funciara\u201d del titolo di propriet\u00e0\" \/>\n<meta property=\"og:description\" content=\"Iscrivere un titolo di propriet\u00e0 significa inserire definitivamente un diritto di propriet\u00e0 o un diritto immobiliare nel registro fondiario. In altre parole, attraverso l\u2019intabulazione si dimostra l\u2019effettiva propriet\u00e0, propriet\u00e0 che \u00e8 quindi trascritta nel registro. L\u2019intabulazione \u00e8 necessaria in qualsiasi operazione in cui una propriet\u00e0 immobiliare viene modificata.\" \/>\n<meta property=\"og:url\" content=\"https:\/\/www.multilines.ro\/it\/servizi-catastali\/iscrizione-nella-cartea-funciara-del-titolo-di-proprieta\/\" \/>\n<meta property=\"og:site_name\" content=\"Multilines\" \/>\n<meta property=\"article:publisher\" content=\"https:\/\/www.facebook.com\/multilines.ro\/\" \/>\n<meta property=\"article:modified_time\" content=\"2020-09-18T12:47:34+00:00\" \/>\n<meta name=\"twitter:card\" content=\"summary_large_image\" \/>\n<meta name=\"twitter:label1\" content=\"Tempo di lettura stimato\" \/>\n\t<meta name=\"twitter:data1\" content=\"1 minuto\" \/>\n<script type=\"application\/ld+json\" class=\"yoast-schema-graph\">{\"@context\":\"https:\/\/schema.org\",\"@graph\":[{\"@type\":\"WebPage\",\"@id\":\"https:\/\/www.multilines.ro\/it\/servizi-catastali\/iscrizione-nella-cartea-funciara-del-titolo-di-proprieta\/\",\"url\":\"https:\/\/www.multilines.ro\/it\/servizi-catastali\/iscrizione-nella-cartea-funciara-del-titolo-di-proprieta\/\",\"name\":\"Iscrizione nella \u201ccartea funciara\u201d del titolo di propriet\u00e0\",\"isPartOf\":{\"@id\":\"https:\/\/www.multilines.ro\/#website\"},\"datePublished\":\"2019-10-07T08:58:02+00:00\",\"dateModified\":\"2020-09-18T12:47:34+00:00\",\"description\":\"Iscrivere un titolo di propriet\u00e0 significa inserire definitivamente un diritto di propriet\u00e0 o un diritto immobiliare nel registro fondiario. In altre parole, attraverso l\u2019intabulazione si dimostra l\u2019effettiva propriet\u00e0, propriet\u00e0 che \u00e8 quindi trascritta nel registro. L\u2019intabulazione \u00e8 necessaria in qualsiasi operazione in cui una propriet\u00e0 immobiliare viene modificata.\",\"breadcrumb\":{\"@id\":\"https:\/\/www.multilines.ro\/it\/servizi-catastali\/iscrizione-nella-cartea-funciara-del-titolo-di-proprieta\/#breadcrumb\"},\"inLanguage\":\"it-IT\",\"potentialAction\":[{\"@type\":\"ReadAction\",\"target\":[\"https:\/\/www.multilines.ro\/it\/servizi-catastali\/iscrizione-nella-cartea-funciara-del-titolo-di-proprieta\/\"]}]},{\"@type\":\"BreadcrumbList\",\"@id\":\"https:\/\/www.multilines.ro\/it\/servizi-catastali\/iscrizione-nella-cartea-funciara-del-titolo-di-proprieta\/#breadcrumb\",\"itemListElement\":[{\"@type\":\"ListItem\",\"position\":1,\"name\":\"Home\",\"item\":\"https:\/\/www.multilines.ro\/it\/\"},{\"@type\":\"ListItem\",\"position\":2,\"name\":\"Servizi catastali\",\"item\":\"https:\/\/www.multilines.ro\/it\/servizi-catastali\/\"},{\"@type\":\"ListItem\",\"position\":3,\"name\":\"Iscrizione nella \u201ccartea funciara\u201d del titolo di propriet\u00e0\"}]},{\"@type\":\"WebSite\",\"@id\":\"https:\/\/www.multilines.ro\/#website\",\"url\":\"https:\/\/www.multilines.ro\/\",\"name\":\"www.multilines.ro\",\"description\":\"Multilines\",\"publisher\":{\"@id\":\"https:\/\/www.multilines.ro\/#organization\"},\"potentialAction\":[{\"@type\":\"SearchAction\",\"target\":{\"@type\":\"EntryPoint\",\"urlTemplate\":\"https:\/\/www.multilines.ro\/?s={search_term_string}\"},\"query-input\":{\"@type\":\"PropertyValueSpecification\",\"valueRequired\":true,\"valueName\":\"search_term_string\"}}],\"inLanguage\":\"it-IT\"},{\"@type\":\"Organization\",\"@id\":\"https:\/\/www.multilines.ro\/#organization\",\"name\":\"www.multilines.ro\",\"url\":\"https:\/\/www.multilines.ro\/\",\"logo\":{\"@type\":\"ImageObject\",\"inLanguage\":\"it-IT\",\"@id\":\"https:\/\/www.multilines.ro\/#\/schema\/logo\/image\/\",\"url\":\"https:\/\/www.multilines.ro\/wp-content\/uploads\/2019\/12\/logo-multilines-04.png\",\"contentUrl\":\"https:\/\/www.multilines.ro\/wp-content\/uploads\/2019\/12\/logo-multilines-04.png\",\"width\":654,\"height\":499,\"caption\":\"www.multilines.ro\"},\"image\":{\"@id\":\"https:\/\/www.multilines.ro\/#\/schema\/logo\/image\/\"},\"sameAs\":[\"https:\/\/www.facebook.com\/multilines.ro\/\"]}]}<\/script>\n<!-- \/ Yoast SEO plugin. -->","yoast_head_json":{"title":"Iscrizione nella \u201ccartea funciara\u201d del titolo di propriet\u00e0","description":"Iscrivere un titolo di propriet\u00e0 significa inserire definitivamente un diritto di propriet\u00e0 o un diritto immobiliare nel registro fondiario. In altre parole, attraverso l\u2019intabulazione si dimostra l\u2019effettiva propriet\u00e0, propriet\u00e0 che \u00e8 quindi trascritta nel registro. L\u2019intabulazione \u00e8 necessaria in qualsiasi operazione in cui una propriet\u00e0 immobiliare viene modificata.","robots":{"index":"index","follow":"follow","max-snippet":"max-snippet:-1","max-image-preview":"max-image-preview:large","max-video-preview":"max-video-preview:-1"},"canonical":"https:\/\/www.multilines.ro\/it\/servizi-catastali\/iscrizione-nella-cartea-funciara-del-titolo-di-proprieta\/","og_locale":"it_IT","og_type":"article","og_title":"Iscrizione nella \u201ccartea funciara\u201d del titolo di propriet\u00e0","og_description":"Iscrivere un titolo di propriet\u00e0 significa inserire definitivamente un diritto di propriet\u00e0 o un diritto immobiliare nel registro fondiario. In altre parole, attraverso l\u2019intabulazione si dimostra l\u2019effettiva propriet\u00e0, propriet\u00e0 che \u00e8 quindi trascritta nel registro. L\u2019intabulazione \u00e8 necessaria in qualsiasi operazione in cui una propriet\u00e0 immobiliare viene modificata.","og_url":"https:\/\/www.multilines.ro\/it\/servizi-catastali\/iscrizione-nella-cartea-funciara-del-titolo-di-proprieta\/","og_site_name":"Multilines","article_publisher":"https:\/\/www.facebook.com\/multilines.ro\/","article_modified_time":"2020-09-18T12:47:34+00:00","twitter_card":"summary_large_image","twitter_misc":{"Tempo di lettura stimato":"1 minuto"},"schema":{"@context":"https:\/\/schema.org","@graph":[{"@type":"WebPage","@id":"https:\/\/www.multilines.ro\/it\/servizi-catastali\/iscrizione-nella-cartea-funciara-del-titolo-di-proprieta\/","url":"https:\/\/www.multilines.ro\/it\/servizi-catastali\/iscrizione-nella-cartea-funciara-del-titolo-di-proprieta\/","name":"Iscrizione nella \u201ccartea funciara\u201d del titolo di propriet\u00e0","isPartOf":{"@id":"https:\/\/www.multilines.ro\/#website"},"datePublished":"2019-10-07T08:58:02+00:00","dateModified":"2020-09-18T12:47:34+00:00","description":"Iscrivere un titolo di propriet\u00e0 significa inserire definitivamente un diritto di propriet\u00e0 o un diritto immobiliare nel registro fondiario. In altre parole, attraverso l\u2019intabulazione si dimostra l\u2019effettiva propriet\u00e0, propriet\u00e0 che \u00e8 quindi trascritta nel registro. L\u2019intabulazione \u00e8 necessaria in qualsiasi operazione in cui una propriet\u00e0 immobiliare viene modificata.","breadcrumb":{"@id":"https:\/\/www.multilines.ro\/it\/servizi-catastali\/iscrizione-nella-cartea-funciara-del-titolo-di-proprieta\/#breadcrumb"},"inLanguage":"it-IT","potentialAction":[{"@type":"ReadAction","target":["https:\/\/www.multilines.ro\/it\/servizi-catastali\/iscrizione-nella-cartea-funciara-del-titolo-di-proprieta\/"]}]},{"@type":"BreadcrumbList","@id":"https:\/\/www.multilines.ro\/it\/servizi-catastali\/iscrizione-nella-cartea-funciara-del-titolo-di-proprieta\/#breadcrumb","itemListElement":[{"@type":"ListItem","position":1,"name":"Home","item":"https:\/\/www.multilines.ro\/it\/"},{"@type":"ListItem","position":2,"name":"Servizi catastali","item":"https:\/\/www.multilines.ro\/it\/servizi-catastali\/"},{"@type":"ListItem","position":3,"name":"Iscrizione nella \u201ccartea funciara\u201d del titolo di propriet\u00e0"}]},{"@type":"WebSite","@id":"https:\/\/www.multilines.ro\/#website","url":"https:\/\/www.multilines.ro\/","name":"www.multilines.ro","description":"Multilines","publisher":{"@id":"https:\/\/www.multilines.ro\/#organization"},"potentialAction":[{"@type":"SearchAction","target":{"@type":"EntryPoint","urlTemplate":"https:\/\/www.multilines.ro\/?s={search_term_string}"},"query-input":{"@type":"PropertyValueSpecification","valueRequired":true,"valueName":"search_term_string"}}],"inLanguage":"it-IT"},{"@type":"Organization","@id":"https:\/\/www.multilines.ro\/#organization","name":"www.multilines.ro","url":"https:\/\/www.multilines.ro\/","logo":{"@type":"ImageObject","inLanguage":"it-IT","@id":"https:\/\/www.multilines.ro\/#\/schema\/logo\/image\/","url":"https:\/\/www.multilines.ro\/wp-content\/uploads\/2019\/12\/logo-multilines-04.png","contentUrl":"https:\/\/www.multilines.ro\/wp-content\/uploads\/2019\/12\/logo-multilines-04.png","width":654,"height":499,"caption":"www.multilines.ro"},"image":{"@id":"https:\/\/www.multilines.ro\/#\/schema\/logo\/image\/"},"sameAs":["https:\/\/www.facebook.com\/multilines.ro\/"]}]}},"_links":{"self":[{"href":"https:\/\/www.multilines.ro\/it\/wp-json\/wp\/v2\/pages\/2485","targetHints":{"allow":["GET"]}}],"collection":[{"href":"https:\/\/www.multilines.ro\/it\/wp-json\/wp\/v2\/pages"}],"about":[{"href":"https:\/\/www.multilines.ro\/it\/wp-json\/wp\/v2\/types\/page"}],"author":[{"embeddable":true,"href":"https:\/\/www.multilines.ro\/it\/wp-json\/wp\/v2\/users\/1"}],"replies":[{"embeddable":true,"href":"https:\/\/www.multilines.ro\/it\/wp-json\/wp\/v2\/comments?post=2485"}],"version-history":[{"count":10,"href":"https:\/\/www.multilines.ro\/it\/wp-json\/wp\/v2\/pages\/2485\/revisions"}],"predecessor-version":[{"id":2486,"href":"https:\/\/www.multilines.ro\/it\/wp-json\/wp\/v2\/pages\/2485\/revisions\/2486"}],"up":[{"embeddable":true,"href":"https:\/\/www.multilines.ro\/it\/wp-json\/wp\/v2\/pages\/2481"}],"wp:attachment":[{"href":"https:\/\/www.multilines.ro\/it\/wp-json\/wp\/v2\/media?parent=2485"}],"curies":[{"name":"wp","href":"https:\/\/api.w.org\/{rel}","templated":true}]}}