{"id":2540,"date":"2019-10-07T12:31:18","date_gmt":"2019-10-07T12:31:18","guid":{"rendered":"https:\/\/www.multilines.ro\/lucrari-de-cadastru\/lucrari-de-cadastru-pentru-apartamente\/apartamentare-constructie\/"},"modified":"2020-09-18T12:39:23","modified_gmt":"2020-09-18T12:39:23","slug":"divisione-di-una-costruzione-in-appartamenti-divisione-in-sub-unita-abitative","status":"publish","type":"page","link":"https:\/\/www.multilines.ro\/it\/servizi-catastali\/attivita-catastali-per-appartamenti\/divisione-di-una-costruzione-in-appartamenti-divisione-in-sub-unita-abitative\/","title":{"rendered":"Divisione di una costruzione in appartamenti, divisione in sub-unit\u00e0 abitative"},"content":{"rendered":"<div class=\"wpb-content-wrapper\"><p>[vc_row full_width=&#8221;stretch_row&#8221; css=&#8221;.vc_custom_1511177893404{margin-bottom: 0px !important;}&#8221;][vc_column]<div class=\"clearboth\"><\/div><style>#thegem-divider-69e670b97fc99 {margin-top: 30px !important;}<\/style><div id=\"thegem-divider-69e670b97fc99\" class=\"gem-divider  \" style=\"\" ><\/div>[\/vc_column][vc_column css_animation=&#8221;slideInLeft&#8221; offset=&#8221;vc_col-md-6&#8243;]<div class=\"gem-image gem-wrapbox gem-wrapbox-style-default gem-wrapbox-position-below  thegem-custom-69e670b97fcd31056\"  style=\"\" ><div class=\"gem-wrapbox-inner \" ><img class=\"gem-wrapbox-element img-responsive\" src=\"https:\/\/www.multilines.ro\/wp-content\/uploads\/2019\/10\/apartamentare-constructii.jpg\" alt=\"\"\/><\/div><\/div>[\/vc_column][vc_column css_animation=&#8221;slideInRight&#8221; offset=&#8221;vc_col-lg-offset-0 vc_col-md-offset-0 vc_col-md-6 vc_col-sm-offset-0&#8243;][vc_column_text css=&#8221;.vc_custom_1599116662943{margin-top: -12px !important;}&#8221;]<\/p>\n<div class=\"title-h3\" style=\"text-align: left; margin-bottom: 20px;\">DIVISIONE DI UNA COSTRUZIONE IN APPARTAMENTI, DIVISIONE IN SUB-UNIT\u00c0 ABITATIVE<\/div>\n<div style=\"width: 55px; height: 3px; background: #fbc300; text-indent: 9999px;\">1<\/div>\n<p>[\/vc_column_text][vc_column_text css=&#8221;.vc_custom_1599116722680{margin-bottom: 0px !important;}&#8221;]<\/p>\n<p style=\"text-align: justify;\">Attivit\u00e0 che permette la divisione di una costruzione in diversi appartamenti. Ci\u00f2 avviene compilando una documentazione catastale dell&#8217;appartamento, presentando la richiesta di modifica tecnica catastale, redigendo l&#8217;atto autentico di divisione dell\u2019edificio e presentando la domanda di registrazione nel Registro Fondiario.<\/p>\n<p>[\/vc_column_text]<div class=\"clearboth\"><\/div><style>#thegem-divider-69e670b97fd83 {margin-top: 43px !important;}<\/style><div id=\"thegem-divider-69e670b97fd83\" class=\"gem-divider  \" style=\"\" ><\/div>[vc_column_text css=&#8221;.vc_custom_1599116753071{margin-top: -12px !important;}&#8221;]<\/p>\n<div class=\"title-h3\" style=\"text-align: left; margin-bottom: 20px;\">ATTI NECESSARI:<\/div>\n<div style=\"width: 55px; height: 3px; background: #fbc300; text-indent: 9999px;\">1<\/div>\n<p>[\/vc_column_text]<div class=\"gem-list lazy-loading gem-list-type-check-style-1 gem-list-color-4\" ><ul>\n<li>Estratti dal Registro Fondiario<\/li>\n<li>Copia della carta d&#8217;identit\u00e0;<\/li>\n<li>Piani finalizzati al riscatto, secondo il permesso di costruzione<\/li>\n<li>Certificato fiscale<\/li>\n<\/ul>\n<p lang=\"fr-FR\"><b>Durata: 20 giorni + termine OCPI<\/b><\/p>\n<\/div><div class=\"clearboth\"><\/div><style>#thegem-divider-69e670b97fdfe {margin-top: 43px !important;}<\/style><div id=\"thegem-divider-69e670b97fdfe\" class=\"gem-divider  \" style=\"\" ><\/div>[\/vc_column][\/vc_row][vc_row full_width=&#8221;stretch_row&#8221; css=&#8221;.vc_custom_1570448508394{margin-bottom: 0px !important;background-image: url(http:\/\/www.multilines.ro\/wp-content\/uploads\/2018\/12\/2.jpg?id=879) !important;background-position: center !important;background-repeat: no-repeat !important;background-size: cover !important;}&#8221;][vc_column css=&#8221;.vc_custom_1511274007858{margin-bottom: 0px !important;padding-bottom: 0px !important;}&#8221;][vc_column_text]<\/p>\n<div class=\"title-h2\" style=\"text-align: center; margin-bottom: 20px;\"><span style=\"color: #2c2c2c;\">Contattaci<\/span><\/div>\n<div style=\"width: 55px; height: 3px; background: #fbc300; margin: 0 auto; text-indent: 9999px;\">1<\/div>\n<p>[\/vc_column_text]\n<div class=\"wpcf7 no-js\" id=\"wpcf7-f2665-o1\" lang=\"\" dir=\"ltr\" data-wpcf7-id=\"2665\">\n<div class=\"screen-reader-response\"><p role=\"status\" aria-live=\"polite\" aria-atomic=\"true\"><\/p> <ul><\/ul><\/div>\n<form action=\"\/it\/wp-json\/wp\/v2\/pages\/2540#wpcf7-f2665-o1\" method=\"post\" class=\"wpcf7-form init gem-contact-form-white\" aria-label=\"Modulo di contatto\" novalidate=\"novalidate\" data-status=\"init\">\n<fieldset class=\"hidden-fields-container\"><input type=\"hidden\" name=\"_wpcf7\" value=\"2665\" \/><input type=\"hidden\" name=\"_wpcf7_version\" value=\"6.1.3\" \/><input type=\"hidden\" name=\"_wpcf7_locale\" value=\"\" \/><input type=\"hidden\" name=\"_wpcf7_unit_tag\" value=\"wpcf7-f2665-o1\" \/><input type=\"hidden\" name=\"_wpcf7_container_post\" value=\"0\" \/><input type=\"hidden\" name=\"_wpcf7_posted_data_hash\" value=\"\" \/>\n<\/fieldset>\n<div class=\"wpcf7-response-output\" aria-hidden=\"true\"><\/div>\n<\/form>\n<\/div>\n[\/vc_column][\/vc_row]<\/p>\n<\/div>","protected":false},"excerpt":{"rendered":"<p>[vc_row full_width=&#8221;stretch_row&#8221; css=&#8221;.vc_custom_1511177893404{margin-bottom: 0px !important;}&#8221;][vc_column][\/vc_column][vc_column css_animation=&#8221;slideInLeft&#8221; offset=&#8221;vc_col-md-6&#8243;][\/vc_column][vc_column css_animation=&#8221;slideInRight&#8221; offset=&#8221;vc_col-lg-offset-0 vc_col-md-offset-0 vc_col-md-6 vc_col-sm-offset-0&#8243;][vc_column_text css=&#8221;.vc_custom_1599116662943{margin-top: -12px !important;}&#8221;] DIVISIONE DI UNA COSTRUZIONE IN&#8230;<\/p>\n","protected":false},"author":1,"featured_media":0,"parent":2536,"menu_order":0,"comment_status":"closed","ping_status":"closed","template":"","meta":{"footnotes":""},"class_list":["post-2540","page","type-page","status-publish"],"yoast_head":"<!-- This site is optimized with the Yoast SEO plugin v26.3 - https:\/\/yoast.com\/wordpress\/plugins\/seo\/ -->\n<title>Divisione di una costruzione in appartamenti, divisione in sub-unit\u00e0 abitative<\/title>\n<meta name=\"description\" content=\"Attivit\u00e0 che permette la divisione di una costruzione in diversi appartamenti. Ci\u00f2 avviene compilando una documentazione catastale dell&#039;appartamento, presentando la richiesta di modifica tecnica catastale, redigendo l&#039;atto autentico di divisione dell\u2019edificio e presentando la domanda di registrazione nel Registro Fondiario.\" \/>\n<meta name=\"robots\" content=\"index, follow, max-snippet:-1, max-image-preview:large, max-video-preview:-1\" \/>\n<link rel=\"canonical\" href=\"https:\/\/www.multilines.ro\/it\/servizi-catastali\/attivita-catastali-per-appartamenti\/divisione-di-una-costruzione-in-appartamenti-divisione-in-sub-unita-abitative\/\" \/>\n<meta property=\"og:locale\" content=\"it_IT\" \/>\n<meta property=\"og:type\" content=\"article\" \/>\n<meta property=\"og:title\" content=\"Divisione di una costruzione in appartamenti, divisione in sub-unit\u00e0 abitative\" \/>\n<meta property=\"og:description\" content=\"Attivit\u00e0 che permette la divisione di una costruzione in diversi appartamenti. Ci\u00f2 avviene compilando una documentazione catastale dell&#039;appartamento, presentando la richiesta di modifica tecnica catastale, redigendo l&#039;atto autentico di divisione dell\u2019edificio e presentando la domanda di registrazione nel Registro Fondiario.\" \/>\n<meta property=\"og:url\" content=\"https:\/\/www.multilines.ro\/it\/servizi-catastali\/attivita-catastali-per-appartamenti\/divisione-di-una-costruzione-in-appartamenti-divisione-in-sub-unita-abitative\/\" \/>\n<meta property=\"og:site_name\" content=\"Multilines\" \/>\n<meta property=\"article:publisher\" content=\"https:\/\/www.facebook.com\/multilines.ro\/\" \/>\n<meta property=\"article:modified_time\" content=\"2020-09-18T12:39:23+00:00\" \/>\n<meta name=\"twitter:card\" content=\"summary_large_image\" \/>\n<meta name=\"twitter:label1\" content=\"Tempo di lettura stimato\" \/>\n\t<meta name=\"twitter:data1\" content=\"1 minuto\" \/>\n<script type=\"application\/ld+json\" class=\"yoast-schema-graph\">{\"@context\":\"https:\/\/schema.org\",\"@graph\":[{\"@type\":\"WebPage\",\"@id\":\"https:\/\/www.multilines.ro\/it\/servizi-catastali\/attivita-catastali-per-appartamenti\/divisione-di-una-costruzione-in-appartamenti-divisione-in-sub-unita-abitative\/\",\"url\":\"https:\/\/www.multilines.ro\/it\/servizi-catastali\/attivita-catastali-per-appartamenti\/divisione-di-una-costruzione-in-appartamenti-divisione-in-sub-unita-abitative\/\",\"name\":\"Divisione di una costruzione in appartamenti, divisione in sub-unit\u00e0 abitative\",\"isPartOf\":{\"@id\":\"https:\/\/www.multilines.ro\/#website\"},\"datePublished\":\"2019-10-07T12:31:18+00:00\",\"dateModified\":\"2020-09-18T12:39:23+00:00\",\"description\":\"Attivit\u00e0 che permette la divisione di una costruzione in diversi appartamenti. Ci\u00f2 avviene compilando una documentazione catastale dell'appartamento, presentando la richiesta di modifica tecnica catastale, redigendo l'atto autentico di divisione dell\u2019edificio e presentando la domanda di registrazione nel Registro Fondiario.\",\"breadcrumb\":{\"@id\":\"https:\/\/www.multilines.ro\/it\/servizi-catastali\/attivita-catastali-per-appartamenti\/divisione-di-una-costruzione-in-appartamenti-divisione-in-sub-unita-abitative\/#breadcrumb\"},\"inLanguage\":\"it-IT\",\"potentialAction\":[{\"@type\":\"ReadAction\",\"target\":[\"https:\/\/www.multilines.ro\/it\/servizi-catastali\/attivita-catastali-per-appartamenti\/divisione-di-una-costruzione-in-appartamenti-divisione-in-sub-unita-abitative\/\"]}]},{\"@type\":\"BreadcrumbList\",\"@id\":\"https:\/\/www.multilines.ro\/it\/servizi-catastali\/attivita-catastali-per-appartamenti\/divisione-di-una-costruzione-in-appartamenti-divisione-in-sub-unita-abitative\/#breadcrumb\",\"itemListElement\":[{\"@type\":\"ListItem\",\"position\":1,\"name\":\"Home\",\"item\":\"https:\/\/www.multilines.ro\/it\/\"},{\"@type\":\"ListItem\",\"position\":2,\"name\":\"Servizi catastali\",\"item\":\"https:\/\/www.multilines.ro\/it\/servizi-catastali\/\"},{\"@type\":\"ListItem\",\"position\":3,\"name\":\"Attivit\u00e0 catastali per appartamenti\",\"item\":\"https:\/\/www.multilines.ro\/it\/servizi-catastali\/attivita-catastali-per-appartamenti\/\"},{\"@type\":\"ListItem\",\"position\":4,\"name\":\"Divisione di una costruzione in appartamenti, divisione in sub-unit\u00e0 abitative\"}]},{\"@type\":\"WebSite\",\"@id\":\"https:\/\/www.multilines.ro\/#website\",\"url\":\"https:\/\/www.multilines.ro\/\",\"name\":\"www.multilines.ro\",\"description\":\"Multilines\",\"publisher\":{\"@id\":\"https:\/\/www.multilines.ro\/#organization\"},\"potentialAction\":[{\"@type\":\"SearchAction\",\"target\":{\"@type\":\"EntryPoint\",\"urlTemplate\":\"https:\/\/www.multilines.ro\/?s={search_term_string}\"},\"query-input\":{\"@type\":\"PropertyValueSpecification\",\"valueRequired\":true,\"valueName\":\"search_term_string\"}}],\"inLanguage\":\"it-IT\"},{\"@type\":\"Organization\",\"@id\":\"https:\/\/www.multilines.ro\/#organization\",\"name\":\"www.multilines.ro\",\"url\":\"https:\/\/www.multilines.ro\/\",\"logo\":{\"@type\":\"ImageObject\",\"inLanguage\":\"it-IT\",\"@id\":\"https:\/\/www.multilines.ro\/#\/schema\/logo\/image\/\",\"url\":\"https:\/\/www.multilines.ro\/wp-content\/uploads\/2019\/12\/logo-multilines-04.png\",\"contentUrl\":\"https:\/\/www.multilines.ro\/wp-content\/uploads\/2019\/12\/logo-multilines-04.png\",\"width\":654,\"height\":499,\"caption\":\"www.multilines.ro\"},\"image\":{\"@id\":\"https:\/\/www.multilines.ro\/#\/schema\/logo\/image\/\"},\"sameAs\":[\"https:\/\/www.facebook.com\/multilines.ro\/\"]}]}<\/script>\n<!-- \/ Yoast SEO plugin. -->","yoast_head_json":{"title":"Divisione di una costruzione in appartamenti, divisione in sub-unit\u00e0 abitative","description":"Attivit\u00e0 che permette la divisione di una costruzione in diversi appartamenti. Ci\u00f2 avviene compilando una documentazione catastale dell'appartamento, presentando la richiesta di modifica tecnica catastale, redigendo l'atto autentico di divisione dell\u2019edificio e presentando la domanda di registrazione nel Registro Fondiario.","robots":{"index":"index","follow":"follow","max-snippet":"max-snippet:-1","max-image-preview":"max-image-preview:large","max-video-preview":"max-video-preview:-1"},"canonical":"https:\/\/www.multilines.ro\/it\/servizi-catastali\/attivita-catastali-per-appartamenti\/divisione-di-una-costruzione-in-appartamenti-divisione-in-sub-unita-abitative\/","og_locale":"it_IT","og_type":"article","og_title":"Divisione di una costruzione in appartamenti, divisione in sub-unit\u00e0 abitative","og_description":"Attivit\u00e0 che permette la divisione di una costruzione in diversi appartamenti. Ci\u00f2 avviene compilando una documentazione catastale dell'appartamento, presentando la richiesta di modifica tecnica catastale, redigendo l'atto autentico di divisione dell\u2019edificio e presentando la domanda di registrazione nel Registro Fondiario.","og_url":"https:\/\/www.multilines.ro\/it\/servizi-catastali\/attivita-catastali-per-appartamenti\/divisione-di-una-costruzione-in-appartamenti-divisione-in-sub-unita-abitative\/","og_site_name":"Multilines","article_publisher":"https:\/\/www.facebook.com\/multilines.ro\/","article_modified_time":"2020-09-18T12:39:23+00:00","twitter_card":"summary_large_image","twitter_misc":{"Tempo di lettura stimato":"1 minuto"},"schema":{"@context":"https:\/\/schema.org","@graph":[{"@type":"WebPage","@id":"https:\/\/www.multilines.ro\/it\/servizi-catastali\/attivita-catastali-per-appartamenti\/divisione-di-una-costruzione-in-appartamenti-divisione-in-sub-unita-abitative\/","url":"https:\/\/www.multilines.ro\/it\/servizi-catastali\/attivita-catastali-per-appartamenti\/divisione-di-una-costruzione-in-appartamenti-divisione-in-sub-unita-abitative\/","name":"Divisione di una costruzione in appartamenti, divisione in sub-unit\u00e0 abitative","isPartOf":{"@id":"https:\/\/www.multilines.ro\/#website"},"datePublished":"2019-10-07T12:31:18+00:00","dateModified":"2020-09-18T12:39:23+00:00","description":"Attivit\u00e0 che permette la divisione di una costruzione in diversi appartamenti. Ci\u00f2 avviene compilando una documentazione catastale dell'appartamento, presentando la richiesta di modifica tecnica catastale, redigendo l'atto autentico di divisione dell\u2019edificio e presentando la domanda di registrazione nel Registro Fondiario.","breadcrumb":{"@id":"https:\/\/www.multilines.ro\/it\/servizi-catastali\/attivita-catastali-per-appartamenti\/divisione-di-una-costruzione-in-appartamenti-divisione-in-sub-unita-abitative\/#breadcrumb"},"inLanguage":"it-IT","potentialAction":[{"@type":"ReadAction","target":["https:\/\/www.multilines.ro\/it\/servizi-catastali\/attivita-catastali-per-appartamenti\/divisione-di-una-costruzione-in-appartamenti-divisione-in-sub-unita-abitative\/"]}]},{"@type":"BreadcrumbList","@id":"https:\/\/www.multilines.ro\/it\/servizi-catastali\/attivita-catastali-per-appartamenti\/divisione-di-una-costruzione-in-appartamenti-divisione-in-sub-unita-abitative\/#breadcrumb","itemListElement":[{"@type":"ListItem","position":1,"name":"Home","item":"https:\/\/www.multilines.ro\/it\/"},{"@type":"ListItem","position":2,"name":"Servizi catastali","item":"https:\/\/www.multilines.ro\/it\/servizi-catastali\/"},{"@type":"ListItem","position":3,"name":"Attivit\u00e0 catastali per appartamenti","item":"https:\/\/www.multilines.ro\/it\/servizi-catastali\/attivita-catastali-per-appartamenti\/"},{"@type":"ListItem","position":4,"name":"Divisione di una costruzione in appartamenti, divisione in sub-unit\u00e0 abitative"}]},{"@type":"WebSite","@id":"https:\/\/www.multilines.ro\/#website","url":"https:\/\/www.multilines.ro\/","name":"www.multilines.ro","description":"Multilines","publisher":{"@id":"https:\/\/www.multilines.ro\/#organization"},"potentialAction":[{"@type":"SearchAction","target":{"@type":"EntryPoint","urlTemplate":"https:\/\/www.multilines.ro\/?s={search_term_string}"},"query-input":{"@type":"PropertyValueSpecification","valueRequired":true,"valueName":"search_term_string"}}],"inLanguage":"it-IT"},{"@type":"Organization","@id":"https:\/\/www.multilines.ro\/#organization","name":"www.multilines.ro","url":"https:\/\/www.multilines.ro\/","logo":{"@type":"ImageObject","inLanguage":"it-IT","@id":"https:\/\/www.multilines.ro\/#\/schema\/logo\/image\/","url":"https:\/\/www.multilines.ro\/wp-content\/uploads\/2019\/12\/logo-multilines-04.png","contentUrl":"https:\/\/www.multilines.ro\/wp-content\/uploads\/2019\/12\/logo-multilines-04.png","width":654,"height":499,"caption":"www.multilines.ro"},"image":{"@id":"https:\/\/www.multilines.ro\/#\/schema\/logo\/image\/"},"sameAs":["https:\/\/www.facebook.com\/multilines.ro\/"]}]}},"_links":{"self":[{"href":"https:\/\/www.multilines.ro\/it\/wp-json\/wp\/v2\/pages\/2540","targetHints":{"allow":["GET"]}}],"collection":[{"href":"https:\/\/www.multilines.ro\/it\/wp-json\/wp\/v2\/pages"}],"about":[{"href":"https:\/\/www.multilines.ro\/it\/wp-json\/wp\/v2\/types\/page"}],"author":[{"embeddable":true,"href":"https:\/\/www.multilines.ro\/it\/wp-json\/wp\/v2\/users\/1"}],"replies":[{"embeddable":true,"href":"https:\/\/www.multilines.ro\/it\/wp-json\/wp\/v2\/comments?post=2540"}],"version-history":[{"count":5,"href":"https:\/\/www.multilines.ro\/it\/wp-json\/wp\/v2\/pages\/2540\/revisions"}],"predecessor-version":[{"id":2946,"href":"https:\/\/www.multilines.ro\/it\/wp-json\/wp\/v2\/pages\/2540\/revisions\/2946"}],"up":[{"embeddable":true,"href":"https:\/\/www.multilines.ro\/it\/wp-json\/wp\/v2\/pages\/2536"}],"wp:attachment":[{"href":"https:\/\/www.multilines.ro\/it\/wp-json\/wp\/v2\/media?parent=2540"}],"curies":[{"name":"wp","href":"https:\/\/api.w.org\/{rel}","templated":true}]}}