{"id":2545,"date":"2019-10-07T12:31:56","date_gmt":"2019-10-07T12:31:56","guid":{"rendered":"https:\/\/www.multilines.ro\/lucrari-de-cadastru\/lucrari-de-cadastru-pentru-apartamente\/reapartamentare-constructie\/"},"modified":"2020-09-18T12:42:56","modified_gmt":"2020-09-18T12:42:56","slug":"divisione-spazi-comuni-e-unita-private","status":"publish","type":"page","link":"https:\/\/www.multilines.ro\/it\/servizi-catastali\/attivita-catastali-per-appartamenti\/divisione-spazi-comuni-e-unita-private\/","title":{"rendered":"Divisione spazi comuni e unita private"},"content":{"rendered":"<div class=\"wpb-content-wrapper\"><p>[vc_row full_width=&#8221;stretch_row&#8221; css=&#8221;.vc_custom_1511177893404{margin-bottom: 0px !important;}&#8221;][vc_column]<div class=\"clearboth\"><\/div><style>#thegem-divider-69e5c083b056f {margin-top: 30px !important;}<\/style><div id=\"thegem-divider-69e5c083b056f\" class=\"gem-divider  \" style=\"\" ><\/div>[\/vc_column][vc_column css_animation=&#8221;slideInLeft&#8221; offset=&#8221;vc_col-md-6&#8243;]<div class=\"gem-image gem-wrapbox gem-wrapbox-style-default gem-wrapbox-position-below  thegem-custom-69e5c083b05af7757\"  style=\"\" ><div class=\"gem-wrapbox-inner \" ><img class=\"gem-wrapbox-element img-responsive\" src=\"https:\/\/www.multilines.ro\/wp-content\/uploads\/2019\/10\/reapartamentare.jpg\" alt=\"\"\/><\/div><\/div>[\/vc_column][vc_column css_animation=&#8221;slideInRight&#8221; offset=&#8221;vc_col-lg-offset-0 vc_col-md-offset-0 vc_col-md-6 vc_col-sm-offset-0&#8243;][vc_column_text css=&#8221;.vc_custom_1599117560921{margin-top: -12px !important;}&#8221;]<\/p>\n<div class=\"title-h3\" style=\"text-align: left; margin-bottom: 20px;\">Divisione spazi comuni e unita private<\/div>\n<div style=\"width: 55px; height: 3px; background: #fbc300; text-indent: 9999px;\">1<\/div>\n<p>[\/vc_column_text][vc_column_text css=&#8221;.vc_custom_1599117630225{margin-bottom: 0px !important;}&#8221;]<\/p>\n<p style=\"text-align: justify;\">La necessit\u00e0 di dividere in appartamenti appare nel caso di costruzioni condominiali, in cui \u00e8 in vigore una registrazione collettiva per l&#8217;intera costruzione e una registrazione individuale per ogni singola propriet\u00e0 che pu\u00f2 essere rappresentata da un\u2019appartamento o da spazi con una destinazione diversa rispetto a quella abitativa. Il condominio \u00e8 un\u2019immobile costituito da terreni ed una o pi\u00f9 costruzioni alcune delle quali sono propriet\u00e0 comuni, ed il resto sono propriet\u00e0 individuali, per le quali viene redatta una registrazione collettiva ed una individuale per ogni singoli proprietari.<\/p>\n<p>[\/vc_column_text][vc_column_text css=&#8221;.vc_custom_1599117652247{margin-top: -12px !important;}&#8221;]<\/p>\n<div class=\"title-h3\" style=\"text-align: left; margin-bottom: 20px;\">ATTI NECESSARI:<\/div>\n<div style=\"width: 55px; height: 3px; background: #fbc300; text-indent: 9999px;\">1<\/div>\n<p>[\/vc_column_text]<div class=\"gem-list gem-list-type-check-style-1 gem-list-color-4\" ><ul>\n<li>Estratti dal Registro Fondiario<\/li>\n<li>Copia della carta d&#8217;identit\u00e0<\/li>\n<li>Piani mirati al cambiamento, secondo il permesso di costruzione.<\/li>\n<\/ul>\n<p><strong>Durata: 20 giorni + termine OCPI<\/strong><\/p>\n<\/div><div class=\"clearboth\"><\/div><style>#thegem-divider-69e5c083b06bb {margin-top: 43px !important;}<\/style><div id=\"thegem-divider-69e5c083b06bb\" class=\"gem-divider  \" style=\"\" ><\/div>[\/vc_column][\/vc_row][vc_row full_width=&#8221;stretch_row&#8221; css=&#8221;.vc_custom_1570448508394{margin-bottom: 0px !important;background-image: url(http:\/\/www.multilines.ro\/wp-content\/uploads\/2018\/12\/2.jpg?id=879) !important;background-position: center !important;background-repeat: no-repeat !important;background-size: cover !important;}&#8221;][vc_column css=&#8221;.vc_custom_1511274007858{margin-bottom: 0px !important;padding-bottom: 0px !important;}&#8221;][vc_column_text]<\/p>\n<div class=\"title-h2\" style=\"text-align: center; margin-bottom: 20px;\"><span style=\"color: #2c2c2c;\">Contattaci<\/span><\/div>\n<div style=\"width: 55px; height: 3px; background: #fbc300; margin: 0 auto; text-indent: 9999px;\">1<\/div>\n<p>[\/vc_column_text]\n<div class=\"wpcf7 no-js\" id=\"wpcf7-f2665-o1\" lang=\"en-US\" dir=\"ltr\" data-wpcf7-id=\"2665\">\n<div class=\"screen-reader-response\"><p role=\"status\" aria-live=\"polite\" aria-atomic=\"true\"><\/p> <ul><\/ul><\/div>\n<form action=\"\/it\/wp-json\/wp\/v2\/pages\/2545#wpcf7-f2665-o1\" method=\"post\" class=\"wpcf7-form init gem-contact-form-white\" aria-label=\"Contact form\" novalidate=\"novalidate\" data-status=\"init\">\n<fieldset class=\"hidden-fields-container\"><input type=\"hidden\" name=\"_wpcf7\" value=\"2665\" \/><input type=\"hidden\" name=\"_wpcf7_version\" value=\"6.1.3\" \/><input type=\"hidden\" name=\"_wpcf7_locale\" value=\"en_US\" \/><input type=\"hidden\" name=\"_wpcf7_unit_tag\" value=\"wpcf7-f2665-o1\" \/><input type=\"hidden\" name=\"_wpcf7_container_post\" value=\"0\" \/><input type=\"hidden\" name=\"_wpcf7_posted_data_hash\" value=\"\" \/>\n<\/fieldset>\n<div class='contactform-fullwidth'>\n<p class='col-sm-12'><span class=\"wpcf7-form-control-wrap\" data-name=\"nome\"><input size=\"40\" maxlength=\"400\" class=\"wpcf7-form-control wpcf7-text wpcf7-validates-as-required\" aria-required=\"true\" aria-invalid=\"false\" placeholder=\"Nome*\" value=\"\" type=\"text\" name=\"nome\" \/><\/span><\/p>\n<p class='col-sm-12'><span class=\"wpcf7-form-control-wrap\" data-name=\"email\"><input size=\"40\" maxlength=\"400\" class=\"wpcf7-form-control wpcf7-email wpcf7-validates-as-required wpcf7-text wpcf7-validates-as-email\" aria-required=\"true\" aria-invalid=\"false\" placeholder=\"Email*\" value=\"\" type=\"email\" name=\"email\" \/><\/span><\/p>\n<p class='col-sm-12'><span class=\"wpcf7-form-control-wrap\" data-name=\"telefono\"><input size=\"40\" maxlength=\"400\" class=\"wpcf7-form-control wpcf7-text wpcf7-validates-as-required\" aria-required=\"true\" aria-invalid=\"false\" placeholder=\"Telefono*\" value=\"\" type=\"text\" name=\"telefono\" \/><\/span><\/p>\n<p class='col-sm-12'><span class=\"wpcf7-form-control-wrap\" data-name=\"message\"><textarea cols=\"40\" rows=\"10\" maxlength=\"2000\" class=\"wpcf7-form-control wpcf7-textarea wpcf7-validates-as-required\" aria-required=\"true\" aria-invalid=\"false\" placeholder=\"Messaggio*\" name=\"message\"><\/textarea><\/span><\/p>\n\n<p class=\"col-md-12\">Accetto informativa della privacy ai sensi del regolamento (UE) n. 2016\/679. <a href=\"\/it\/informativa-sulla-privacy\/\" target=\"_blank\">Informativa sulla privacy<\/a><span class=\"wpcf7-form-control-wrap\" data-name=\"terms\"><span class=\"wpcf7-form-control wpcf7-checkbox\"><span class=\"wpcf7-list-item first last\"><input type=\"checkbox\" name=\"terms[]\" value=\"\" \/><span class=\"wpcf7-list-item-label\"><\/span><\/span><\/span><\/span><\/p>\n\n<span class=\"wpcf7-form-control-wrap kc_captcha\" data-name=\"kc_captcha\"><span class=\"wpcf7-form-control wpcf7-radio\"><span class=\"captcha-image\" ><span class=\"cf7ic_instructions\">Please prove you are human by selecting the<span> truck<\/span>.<\/span><label><input aria-label=\"1\" type=\"radio\" name=\"kc_captcha\" value=\"bot\" \/><svg aria-hidden=\"true\" role=\"img\" xmlns=\"http:\/\/www.w3.org\/2000\/svg\" viewBox=\"0 0 576 512\"><path fill=\"currentColor\" d=\"M259 18l-65 132-146 22c-26 3-37 36-18 54l106 103-25 146c-5 26 23 46 46 33l131-68 131 68c23 13 51-7 46-33l-25-146 106-103c19-18 8-51-18-54l-146-22-65-132a32 32 0 00-58 0z\"\/><\/svg><\/label><label><input aria-label=\"2\" type=\"radio\" name=\"kc_captcha\" value=\"kc_human\" \/><svg aria-hidden=\"true\" role=\"img\" xmlns=\"http:\/\/www.w3.org\/2000\/svg\" viewBox=\"0 0 640 512\"><path fill=\"currentColor\" d=\"M624 352h-16V244c0-13-5-25-14-34L494 110c-9-9-21-14-34-14h-44V48c0-26-21-48-48-48H48C22 0 0 22 0 48v320c0 27 22 48 48 48h16a96 96 0 00192 0h128a96 96 0 00192 0h48c9 0 16-7 16-16v-32c0-9-7-16-16-16zM160 464a48 48 0 110-96 48 48 0 010 96zm320 0a48 48 0 110-96 48 48 0 010 96zm80-208H416V144h44l100 100v12z\"\/><\/svg><\/label><label><input aria-label=\"3\" type=\"radio\" name=\"kc_captcha\" value=\"bot\" \/><svg aria-hidden=\"true\" role=\"img\" xmlns=\"http:\/\/www.w3.org\/2000\/svg\" viewBox=\"0 0 384 512\"><path fill=\"currentColor\" d=\"M377 375l-83-87h34c21 0 32-25 17-40l-82-88h33c21 0 32-25 18-40L210 8c-10-11-26-11-36 0L70 120c-14 15-3 40 18 40h33l-82 88c-15 15-4 40 17 40h34L7 375c-15 16-4 41 17 41h120c0 33-11 49-34 68-12 9-5 28 10 28h144c15 0 22-19 10-28-20-16-34-32-34-68h120c21 0 32-25 17-41z\"\/><\/svg><\/label>\r\n    <\/span>\r\n    <span style=\"display:none\">\r\n        <input type=\"text\" name=\"kc_honeypot\">\r\n    <\/span><\/span><\/span>\n<br>\n<p class='col-sm-12'><style type=\"text\/css\">.thegem-button-69e5c083b17791514 .gem-button svg {fill: #fff;}.thegem-button-69e5c083b17791514 .gem-button:hover svg {fill: #1f1f1f;}<\/style><div class=\"gem-button-container gem-button-position-center thegem-button-69e5c083b17791514\"  ><input class=\"gem-button gem-button-size-small gem-button-style-flat gem-button-text-weight-normal wpcf7-form-control wpcf7-submit has-spinner gem-button-wpcf-custom\" data-ll-effect=\"drop-right-without-wrap\" style=\"border-radius: 3px;background-color: #3c5597;color: #fff;\" onmouseleave=\"this.style.backgroundColor='#3c5597';this.style.color='#fff';\" onmouseenter=\"this.style.backgroundColor='#fbba00';this.style.color='#1f1f1f';\" id=\"\" tabindex=\"\" type=\"submit\" value=\"Invia\" \/><\/div>\n\n\n\n<\/div><div class=\"wpcf7-response-output\" aria-hidden=\"true\"><\/div>\n<\/form>\n<\/div>\n[\/vc_column][\/vc_row]<\/p>\n<\/div>","protected":false},"excerpt":{"rendered":"<p>[vc_row full_width=&#8221;stretch_row&#8221; css=&#8221;.vc_custom_1511177893404{margin-bottom: 0px !important;}&#8221;][vc_column][\/vc_column][vc_column css_animation=&#8221;slideInLeft&#8221; offset=&#8221;vc_col-md-6&#8243;][\/vc_column][vc_column css_animation=&#8221;slideInRight&#8221; offset=&#8221;vc_col-lg-offset-0 vc_col-md-offset-0 vc_col-md-6 vc_col-sm-offset-0&#8243;][vc_column_text css=&#8221;.vc_custom_1599117560921{margin-top: -12px !important;}&#8221;] Divisione spazi comuni e unita&#8230;<\/p>\n","protected":false},"author":1,"featured_media":0,"parent":2536,"menu_order":0,"comment_status":"closed","ping_status":"closed","template":"","meta":{"footnotes":""},"class_list":["post-2545","page","type-page","status-publish"],"yoast_head":"<!-- This site is optimized with the Yoast SEO plugin v26.3 - https:\/\/yoast.com\/wordpress\/plugins\/seo\/ -->\n<title>Divisione spazi comuni e unita private<\/title>\n<meta name=\"description\" content=\"La necessit\u00e0 di dividere in appartamenti appare nel caso di costruzioni condominiali, in cui \u00e8 in vigore una registrazione collettiva per l&#039;intera costruzione e una registrazione individuale per ogni singola propriet\u00e0 che pu\u00f2 essere rappresentata da un\u2019appartamento o da spazi con una destinazione diversa rispetto a quella abitativa.\" \/>\n<meta name=\"robots\" content=\"index, follow, max-snippet:-1, max-image-preview:large, max-video-preview:-1\" \/>\n<link rel=\"canonical\" href=\"https:\/\/www.multilines.ro\/it\/servizi-catastali\/attivita-catastali-per-appartamenti\/divisione-spazi-comuni-e-unita-private\/\" \/>\n<meta property=\"og:locale\" content=\"it_IT\" \/>\n<meta property=\"og:type\" content=\"article\" \/>\n<meta property=\"og:title\" content=\"Divisione spazi comuni e unita private\" \/>\n<meta property=\"og:description\" content=\"La necessit\u00e0 di dividere in appartamenti appare nel caso di costruzioni condominiali, in cui \u00e8 in vigore una registrazione collettiva per l&#039;intera costruzione e una registrazione individuale per ogni singola propriet\u00e0 che pu\u00f2 essere rappresentata da un\u2019appartamento o da spazi con una destinazione diversa rispetto a quella abitativa.\" \/>\n<meta property=\"og:url\" content=\"https:\/\/www.multilines.ro\/it\/servizi-catastali\/attivita-catastali-per-appartamenti\/divisione-spazi-comuni-e-unita-private\/\" \/>\n<meta property=\"og:site_name\" content=\"Multilines\" \/>\n<meta property=\"article:publisher\" content=\"https:\/\/www.facebook.com\/multilines.ro\/\" \/>\n<meta property=\"article:modified_time\" content=\"2020-09-18T12:42:56+00:00\" \/>\n<meta name=\"twitter:card\" content=\"summary_large_image\" \/>\n<meta name=\"twitter:label1\" content=\"Tempo di lettura stimato\" \/>\n\t<meta name=\"twitter:data1\" content=\"1 minuto\" \/>\n<script type=\"application\/ld+json\" class=\"yoast-schema-graph\">{\"@context\":\"https:\/\/schema.org\",\"@graph\":[{\"@type\":\"WebPage\",\"@id\":\"https:\/\/www.multilines.ro\/it\/servizi-catastali\/attivita-catastali-per-appartamenti\/divisione-spazi-comuni-e-unita-private\/\",\"url\":\"https:\/\/www.multilines.ro\/it\/servizi-catastali\/attivita-catastali-per-appartamenti\/divisione-spazi-comuni-e-unita-private\/\",\"name\":\"Divisione spazi comuni e unita private\",\"isPartOf\":{\"@id\":\"https:\/\/www.multilines.ro\/#website\"},\"datePublished\":\"2019-10-07T12:31:56+00:00\",\"dateModified\":\"2020-09-18T12:42:56+00:00\",\"description\":\"La necessit\u00e0 di dividere in appartamenti appare nel caso di costruzioni condominiali, in cui \u00e8 in vigore una registrazione collettiva per l'intera costruzione e una registrazione individuale per ogni singola propriet\u00e0 che pu\u00f2 essere rappresentata da un\u2019appartamento o da spazi con una destinazione diversa rispetto a quella abitativa.\",\"breadcrumb\":{\"@id\":\"https:\/\/www.multilines.ro\/it\/servizi-catastali\/attivita-catastali-per-appartamenti\/divisione-spazi-comuni-e-unita-private\/#breadcrumb\"},\"inLanguage\":\"it-IT\",\"potentialAction\":[{\"@type\":\"ReadAction\",\"target\":[\"https:\/\/www.multilines.ro\/it\/servizi-catastali\/attivita-catastali-per-appartamenti\/divisione-spazi-comuni-e-unita-private\/\"]}]},{\"@type\":\"BreadcrumbList\",\"@id\":\"https:\/\/www.multilines.ro\/it\/servizi-catastali\/attivita-catastali-per-appartamenti\/divisione-spazi-comuni-e-unita-private\/#breadcrumb\",\"itemListElement\":[{\"@type\":\"ListItem\",\"position\":1,\"name\":\"Home\",\"item\":\"https:\/\/www.multilines.ro\/it\/\"},{\"@type\":\"ListItem\",\"position\":2,\"name\":\"Servizi catastali\",\"item\":\"https:\/\/www.multilines.ro\/it\/servizi-catastali\/\"},{\"@type\":\"ListItem\",\"position\":3,\"name\":\"Attivit\u00e0 catastali per appartamenti\",\"item\":\"https:\/\/www.multilines.ro\/it\/servizi-catastali\/attivita-catastali-per-appartamenti\/\"},{\"@type\":\"ListItem\",\"position\":4,\"name\":\"Divisione spazi comuni e unita private\"}]},{\"@type\":\"WebSite\",\"@id\":\"https:\/\/www.multilines.ro\/#website\",\"url\":\"https:\/\/www.multilines.ro\/\",\"name\":\"www.multilines.ro\",\"description\":\"Multilines\",\"publisher\":{\"@id\":\"https:\/\/www.multilines.ro\/#organization\"},\"potentialAction\":[{\"@type\":\"SearchAction\",\"target\":{\"@type\":\"EntryPoint\",\"urlTemplate\":\"https:\/\/www.multilines.ro\/?s={search_term_string}\"},\"query-input\":{\"@type\":\"PropertyValueSpecification\",\"valueRequired\":true,\"valueName\":\"search_term_string\"}}],\"inLanguage\":\"it-IT\"},{\"@type\":\"Organization\",\"@id\":\"https:\/\/www.multilines.ro\/#organization\",\"name\":\"www.multilines.ro\",\"url\":\"https:\/\/www.multilines.ro\/\",\"logo\":{\"@type\":\"ImageObject\",\"inLanguage\":\"it-IT\",\"@id\":\"https:\/\/www.multilines.ro\/#\/schema\/logo\/image\/\",\"url\":\"https:\/\/www.multilines.ro\/wp-content\/uploads\/2019\/12\/logo-multilines-04.png\",\"contentUrl\":\"https:\/\/www.multilines.ro\/wp-content\/uploads\/2019\/12\/logo-multilines-04.png\",\"width\":654,\"height\":499,\"caption\":\"www.multilines.ro\"},\"image\":{\"@id\":\"https:\/\/www.multilines.ro\/#\/schema\/logo\/image\/\"},\"sameAs\":[\"https:\/\/www.facebook.com\/multilines.ro\/\"]}]}<\/script>\n<!-- \/ Yoast SEO plugin. -->","yoast_head_json":{"title":"Divisione spazi comuni e unita private","description":"La necessit\u00e0 di dividere in appartamenti appare nel caso di costruzioni condominiali, in cui \u00e8 in vigore una registrazione collettiva per l'intera costruzione e una registrazione individuale per ogni singola propriet\u00e0 che pu\u00f2 essere rappresentata da un\u2019appartamento o da spazi con una destinazione diversa rispetto a quella abitativa.","robots":{"index":"index","follow":"follow","max-snippet":"max-snippet:-1","max-image-preview":"max-image-preview:large","max-video-preview":"max-video-preview:-1"},"canonical":"https:\/\/www.multilines.ro\/it\/servizi-catastali\/attivita-catastali-per-appartamenti\/divisione-spazi-comuni-e-unita-private\/","og_locale":"it_IT","og_type":"article","og_title":"Divisione spazi comuni e unita private","og_description":"La necessit\u00e0 di dividere in appartamenti appare nel caso di costruzioni condominiali, in cui \u00e8 in vigore una registrazione collettiva per l'intera costruzione e una registrazione individuale per ogni singola propriet\u00e0 che pu\u00f2 essere rappresentata da un\u2019appartamento o da spazi con una destinazione diversa rispetto a quella abitativa.","og_url":"https:\/\/www.multilines.ro\/it\/servizi-catastali\/attivita-catastali-per-appartamenti\/divisione-spazi-comuni-e-unita-private\/","og_site_name":"Multilines","article_publisher":"https:\/\/www.facebook.com\/multilines.ro\/","article_modified_time":"2020-09-18T12:42:56+00:00","twitter_card":"summary_large_image","twitter_misc":{"Tempo di lettura stimato":"1 minuto"},"schema":{"@context":"https:\/\/schema.org","@graph":[{"@type":"WebPage","@id":"https:\/\/www.multilines.ro\/it\/servizi-catastali\/attivita-catastali-per-appartamenti\/divisione-spazi-comuni-e-unita-private\/","url":"https:\/\/www.multilines.ro\/it\/servizi-catastali\/attivita-catastali-per-appartamenti\/divisione-spazi-comuni-e-unita-private\/","name":"Divisione spazi comuni e unita private","isPartOf":{"@id":"https:\/\/www.multilines.ro\/#website"},"datePublished":"2019-10-07T12:31:56+00:00","dateModified":"2020-09-18T12:42:56+00:00","description":"La necessit\u00e0 di dividere in appartamenti appare nel caso di costruzioni condominiali, in cui \u00e8 in vigore una registrazione collettiva per l'intera costruzione e una registrazione individuale per ogni singola propriet\u00e0 che pu\u00f2 essere rappresentata da un\u2019appartamento o da spazi con una destinazione diversa rispetto a quella abitativa.","breadcrumb":{"@id":"https:\/\/www.multilines.ro\/it\/servizi-catastali\/attivita-catastali-per-appartamenti\/divisione-spazi-comuni-e-unita-private\/#breadcrumb"},"inLanguage":"it-IT","potentialAction":[{"@type":"ReadAction","target":["https:\/\/www.multilines.ro\/it\/servizi-catastali\/attivita-catastali-per-appartamenti\/divisione-spazi-comuni-e-unita-private\/"]}]},{"@type":"BreadcrumbList","@id":"https:\/\/www.multilines.ro\/it\/servizi-catastali\/attivita-catastali-per-appartamenti\/divisione-spazi-comuni-e-unita-private\/#breadcrumb","itemListElement":[{"@type":"ListItem","position":1,"name":"Home","item":"https:\/\/www.multilines.ro\/it\/"},{"@type":"ListItem","position":2,"name":"Servizi catastali","item":"https:\/\/www.multilines.ro\/it\/servizi-catastali\/"},{"@type":"ListItem","position":3,"name":"Attivit\u00e0 catastali per appartamenti","item":"https:\/\/www.multilines.ro\/it\/servizi-catastali\/attivita-catastali-per-appartamenti\/"},{"@type":"ListItem","position":4,"name":"Divisione spazi comuni e unita private"}]},{"@type":"WebSite","@id":"https:\/\/www.multilines.ro\/#website","url":"https:\/\/www.multilines.ro\/","name":"www.multilines.ro","description":"Multilines","publisher":{"@id":"https:\/\/www.multilines.ro\/#organization"},"potentialAction":[{"@type":"SearchAction","target":{"@type":"EntryPoint","urlTemplate":"https:\/\/www.multilines.ro\/?s={search_term_string}"},"query-input":{"@type":"PropertyValueSpecification","valueRequired":true,"valueName":"search_term_string"}}],"inLanguage":"it-IT"},{"@type":"Organization","@id":"https:\/\/www.multilines.ro\/#organization","name":"www.multilines.ro","url":"https:\/\/www.multilines.ro\/","logo":{"@type":"ImageObject","inLanguage":"it-IT","@id":"https:\/\/www.multilines.ro\/#\/schema\/logo\/image\/","url":"https:\/\/www.multilines.ro\/wp-content\/uploads\/2019\/12\/logo-multilines-04.png","contentUrl":"https:\/\/www.multilines.ro\/wp-content\/uploads\/2019\/12\/logo-multilines-04.png","width":654,"height":499,"caption":"www.multilines.ro"},"image":{"@id":"https:\/\/www.multilines.ro\/#\/schema\/logo\/image\/"},"sameAs":["https:\/\/www.facebook.com\/multilines.ro\/"]}]}},"_links":{"self":[{"href":"https:\/\/www.multilines.ro\/it\/wp-json\/wp\/v2\/pages\/2545","targetHints":{"allow":["GET"]}}],"collection":[{"href":"https:\/\/www.multilines.ro\/it\/wp-json\/wp\/v2\/pages"}],"about":[{"href":"https:\/\/www.multilines.ro\/it\/wp-json\/wp\/v2\/types\/page"}],"author":[{"embeddable":true,"href":"https:\/\/www.multilines.ro\/it\/wp-json\/wp\/v2\/users\/1"}],"replies":[{"embeddable":true,"href":"https:\/\/www.multilines.ro\/it\/wp-json\/wp\/v2\/comments?post=2545"}],"version-history":[{"count":7,"href":"https:\/\/www.multilines.ro\/it\/wp-json\/wp\/v2\/pages\/2545\/revisions"}],"predecessor-version":[{"id":2967,"href":"https:\/\/www.multilines.ro\/it\/wp-json\/wp\/v2\/pages\/2545\/revisions\/2967"}],"up":[{"embeddable":true,"href":"https:\/\/www.multilines.ro\/it\/wp-json\/wp\/v2\/pages\/2536"}],"wp:attachment":[{"href":"https:\/\/www.multilines.ro\/it\/wp-json\/wp\/v2\/media?parent=2545"}],"curies":[{"name":"wp","href":"https:\/\/api.w.org\/{rel}","templated":true}]}}